{"id":133,"date":"2025-01-20T15:31:47","date_gmt":"2025-01-20T14:31:47","guid":{"rendered":"https:\/\/www.aeepower.com\/?page_id=133"},"modified":"2025-02-11T12:37:08","modified_gmt":"2025-02-11T11:37:08","slug":"politica-de-cookies","status":"publish","type":"page","link":"https:\/\/www.aeepower.com\/es\/politica-de-cookies\/","title":{"rendered":"Pol\u00edtica de cookies"},"content":{"rendered":"\t\t<div data-elementor-type=\"wp-page\" data-elementor-id=\"133\" class=\"elementor elementor-133\" data-elementor-post-type=\"page\">\n\t\t\t\t\t\t<section class=\"elementor-section elementor-top-section elementor-element elementor-element-da27f32 elementor-section-height-min-height elementor-section-boxed elementor-section-height-default elementor-section-items-middle\" data-id=\"da27f32\" data-element_type=\"section\" data-e-type=\"section\" data-settings=\"{&quot;background_background&quot;:&quot;classic&quot;}\">\n\t\t\t\t\t\t<div class=\"elementor-container elementor-column-gap-default\">\n\t\t\t\t\t<div class=\"elementor-column elementor-col-100 elementor-top-column elementor-element elementor-element-0be3c5c\" data-id=\"0be3c5c\" data-element_type=\"column\" data-e-type=\"column\">\n\t\t\t<div class=\"elementor-widget-wrap elementor-element-populated\">\n\t\t\t\t\t\t<div class=\"elementor-element elementor-element-1ac58d9 elementor-widget elementor-widget-heading\" data-id=\"1ac58d9\" data-element_type=\"widget\" data-e-type=\"widget\" data-widget_type=\"heading.default\">\n\t\t\t\t<div class=\"elementor-widget-container\">\n\t\t\t\t\t<div class=\"elementor-heading-title elementor-size-default\">AEE POWER<\/div>\t\t\t\t<\/div>\n\t\t\t\t<\/div>\n\t\t\t\t<div class=\"elementor-element elementor-element-0faf4d2 animated-slow elementor-invisible elementor-widget elementor-widget-heading\" data-id=\"0faf4d2\" data-element_type=\"widget\" data-e-type=\"widget\" data-settings=\"{&quot;_animation&quot;:&quot;zoomIn&quot;,&quot;_animation_tablet&quot;:&quot;none&quot;}\" data-widget_type=\"heading.default\">\n\t\t\t\t<div class=\"elementor-widget-container\">\n\t\t\t\t\t<h1 class=\"elementor-heading-title elementor-size-default\"><span style=\"color:#F3D03E\">Pol\u00edtica<\/span> de cookies.<\/h1>\t\t\t\t<\/div>\n\t\t\t\t<\/div>\n\t\t\t\t\t<\/div>\n\t\t<\/div>\n\t\t\t\t\t<\/div>\n\t\t<\/section>\n\t\t\t\t<section class=\"elementor-section elementor-top-section elementor-element elementor-element-cedc5a8 elementor-section-boxed elementor-section-height-default elementor-section-height-default\" data-id=\"cedc5a8\" data-element_type=\"section\" data-e-type=\"section\">\n\t\t\t\t\t\t<div class=\"elementor-container elementor-column-gap-default\">\n\t\t\t\t\t<div class=\"elementor-column elementor-col-100 elementor-top-column elementor-element elementor-element-df10678\" data-id=\"df10678\" data-element_type=\"column\" data-e-type=\"column\">\n\t\t\t<div class=\"elementor-widget-wrap elementor-element-populated\">\n\t\t\t\t\t\t<div class=\"elementor-element elementor-element-40626ca elementor-widget elementor-widget-text-editor\" data-id=\"40626ca\" data-element_type=\"widget\" data-e-type=\"widget\" data-widget_type=\"text-editor.default\">\n\t\t\t\t<div class=\"elementor-widget-container\">\n\t\t\t\t\t\t\t\t\t<h2><strong>INFORMACI\u00d3N SOBRE LAS COOKIES<\/strong><\/h2>\n<p>Las cookies y otras tecnolog\u00edas similares, como los objetos compartidos locales, las cookies flash o los p\u00edxeles, son herramientas utilizadas por los servidores web para almacenar y recuperar informaci\u00f3n sobre sus visitantes, as\u00ed como para garantizar el correcto funcionamiento del sitio.<\/p>\n<p>Mediante estos dispositivos, el servidor web puede recordar ciertos datos sobre el usuario, como sus preferencias de visualizaci\u00f3n de las p\u00e1ginas en ese servidor, su nombre y contrase\u00f1a, los productos que m\u00e1s le interesan, etc.<\/p>\n<h2><strong>COOKIES AFECTADAS POR LA NORMATIVA Y COOKIES EXENTAS<\/strong><\/h2>\n<p>De acuerdo con la \u201cLey de Servicios de la Sociedad de la Informaci\u00f3n\u201d (LSSICE), establecida por el Real Decreto 13\/2012, es obligatorio obtener el consentimiento expreso del usuario en todos los sitios web que utilicen cookies prescindibles antes de que el usuario navegue por ellos.<\/p>\n<p>Seg\u00fan la directiva de la UE, las cookies que requieren el consentimiento informado del usuario son las cookies anal\u00edticas, publicitarias y de afiliados, con excepci\u00f3n de aquellas de car\u00e1cter t\u00e9cnico y las necesarias para el funcionamiento del sitio web o la prestaci\u00f3n de servicios expresamente solicitados por el usuario.<\/p>\n<h2><strong>TIPOS DE COOKIES<\/strong><\/h2>\n<p><strong>SEG\u00daN SU FINALIDAD<\/strong><\/p>\n<ul>\n<li><strong>Cookies t\u00e9cnicas y funcionales<\/strong>: permiten al usuario navegar por un sitio web, plataforma o aplicaci\u00f3n y utilizar las diferentes opciones o servicios que en ellos existan.<\/li>\n<li><strong>Cookies anal\u00edticas<\/strong>: permiten al responsable de las mismas analizar el comportamiento de los usuarios de los sitios web a los que est\u00e1n vinculadas. La informaci\u00f3n recopilada se usa para medir la actividad del sitio web, aplicaci\u00f3n o plataforma y elaborar perfiles de navegaci\u00f3n con el fin de introducir mejoras basadas en el an\u00e1lisis del uso de los servicios.<\/li>\n<li><strong>Cookies publicitarias<\/strong>: permiten la gesti\u00f3n eficiente de los espacios publicitarios incluidos en una p\u00e1gina web, aplicaci\u00f3n o plataforma desde la que se presta el servicio solicitado, en funci\u00f3n de criterios como el contenido editado o la frecuencia con la que se muestran los anuncios.<\/li>\n<li><strong>Cookies de publicidad comportamental<\/strong>: recogen informaci\u00f3n sobre las preferencias personales y elecciones del usuario (retargeting) para gestionar de la manera m\u00e1s eficiente posible los espacios publicitarios incluidos en una p\u00e1gina web, aplicaci\u00f3n o plataforma desde la que se presta el servicio solicitado.<\/li>\n<\/ul>\n<h2><strong>SEG\u00daN SU PROPIEDAD<\/strong><\/h2>\n<ul>\n<li><strong>Cookies propias<\/strong>: enviadas al equipo del usuario desde un dominio gestionado por el propio editor del sitio web, desde el cual se presta el servicio solicitado por el usuario.<\/li>\n<li><strong>Cookies de terceros<\/strong>: enviadas al equipo del usuario desde un dominio no gestionado por el editor, sino por otra entidad que trata los datos obtenidos a trav\u00e9s de las cookies.<\/li>\n<\/ul>\n<h2><strong>SEG\u00daN SU DURACI\u00d3N<\/strong><\/h2>\n<ul>\n<li><strong>Cookies de sesi\u00f3n<\/strong>: dise\u00f1adas para recopilar y almacenar datos mientras el usuario accede a un sitio web.<\/li>\n<li><strong>Cookies persistentes<\/strong>: los datos permanecen almacenados en el equipo y pueden ser accedidos y tratados por el responsable de la cookie durante un per\u00edodo definido, que puede variar entre unos minutos y varios a\u00f1os.<\/li>\n<\/ul>\n<h2><strong>TRATAMIENTO DE DATOS PERSONALES<\/strong><\/h2>\n<p>AEE Power EPC, S.A.U. es el responsable del tratamiento de los datos personales del usuario y le informa que dichos datos ser\u00e1n tratados conforme a lo dispuesto en el Reglamento (UE) 2016\/679 del 27 de abril de 2016 (RGPD), proporcionando la siguiente informaci\u00f3n sobre el tratamiento:<\/p>\n<ul>\n<li><strong>Finalidad del tratamiento<\/strong>: seg\u00fan lo especificado en la secci\u00f3n sobre cookies utilizadas en este sitio web.<\/li>\n<li><strong>Base legal del tratamiento<\/strong>: consentimiento del interesado (Art. 6.1 RGPD).<\/li>\n<li><strong>Criterios de conservaci\u00f3n de los datos<\/strong>: seg\u00fan lo especificado en la secci\u00f3n de cookies utilizadas en el sitio web.<\/li>\n<li><strong>Cesi\u00f3n de datos<\/strong>: los datos no ser\u00e1n cedidos a terceros, salvo en el caso de cookies de terceros o por obligaci\u00f3n legal.<\/li>\n<\/ul>\n<p><strong>Derechos del usuario<\/strong>:<\/p>\n<ul>\n<li>Derecho a retirar el consentimiento en cualquier momento.<\/li>\n<li>Derecho de acceso, rectificaci\u00f3n, portabilidad y supresi\u00f3n de sus datos, as\u00ed como a la limitaci\u00f3n u oposici\u00f3n a su tratamiento.<\/li>\n<li>Derecho a presentar una reclamaci\u00f3n ante la Autoridad de Control (<a href=\"http:\/\/www.aepd.es\">www.aepd.es<\/a>) si considera que el tratamiento no cumple con la normativa vigente.<\/li>\n<\/ul>\n<p><strong>Datos de contacto para ejercer sus derechos<\/strong>:<\/p>\n<p>AEE Power EPC S.A.U., Avenida del Parten\u00f3n 16-18, 28042 Madrid, Espa\u00f1a.<br>Correo electr\u00f3nico: aeepower@aeepower.com<\/p>\n<h2><strong>COOKIES UTILIZADAS EN ESTE SITIO WEB<\/strong><\/h2>\n<p><strong>PANEL DE CONFIGURACI\u00d3N<\/strong><\/p>\n<p><strong>COOKIES ANAL\u00cdTICAS<\/strong><\/p>\n<p>(Marque o desmarque seg\u00fan prefiera aceptar o rechazar la instalaci\u00f3n de estas cookies.)<\/p>\n<table>\n<thead>\n<tr>\n<td><strong>NOMBRE<\/strong><\/td>\n<td><strong>TIPO<\/strong><\/td>\n<td><strong>PROPIEDAD<\/strong><\/td>\n<td><strong>FINALIDAD<\/strong><\/td>\n<td><strong>DURACI\u00d3N<\/strong><\/td>\n<td><strong>OBSERVACIONES<\/strong><\/td>\n<\/tr>\n<\/thead>\n<tbody>\n<tr>\n<td>_ga<\/td>\n<td>Anal\u00edtica<\/td>\n<td>Google Analytics<\/td>\n<td>Permite controlar visitas \u00fanicas.<\/td>\n<td>2 a\u00f1os<\/td>\n<td>Persistente<\/td>\n<\/tr>\n<tr>\n<td>_gat<\/td>\n<td>Anal\u00edtica<\/td>\n<td>Google Analytics<\/td>\n<td>Limita la velocidad de solicitudes en sitios con alto tr\u00e1fico.<\/td>\n<td>10 minutos<\/td>\n<td>De sesi\u00f3n<\/td>\n<\/tr>\n<tr>\n<td>_gid<\/td>\n<td>Anal\u00edtica<\/td>\n<td>Google Analytics<\/td>\n<td>Distingue entre usuarios.<\/td>\n<td>24 horas<\/td>\n<td>De sesi\u00f3n<\/td>\n<\/tr>\n<\/tbody>\n<\/table>\n<p><strong>COOKIES FUNCIONALES Y T\u00c9CNICAS<\/strong><\/p>\n<p>(Marque o desmarque seg\u00fan prefiera aceptar o rechazar la instalaci\u00f3n de estas cookies.)<\/p>\n<table dir=\"ltr\" border=\"1\" cellspacing=\"0\" cellpadding=\"0\" data-sheets-root=\"1\" data-sheets-baot=\"1\">\n<colgroup>\n<col width=\"285\">\n<col width=\"100\">\n<col width=\"165\">\n<col width=\"411\">\n<col width=\"100\">\n<col width=\"100\"><\/colgroup>\n<tbody>\n<tr>\n<td>NOMBRE<\/td>\n<td>TIPO<\/td>\n<td>PROPIETARIO<\/td>\n<td>PROP\u00d3SITO<\/td>\n<td>DURACI\u00d3N<\/td>\n<td>\n<div>\n<div>OBSERVACIONES<\/div>\n<\/div>\n<\/td>\n<\/tr>\n<tr>\n<td>_moovegpdr<\/td>\n<td>Sesi\u00f3n<\/td>\n<td><a class=\"in-cell-link\" href=\"http:\/\/aeepower.com\" target=\"_blank\" rel=\"noopener\">aeepower.com<\/a><\/td>\n<td>Esta cookie guarda la configuraci\u00f3n de cookies.<\/td>\n<td>Hasta que termine la sesi\u00f3n<\/td>\n<td>Persistente<\/td>\n<\/tr>\n<tr>\n<td>wp-settings-1 wp-settings-time-1<\/td>\n<td>Sesi\u00f3n<\/td>\n<td><a class=\"in-cell-link\" href=\"http:\/\/aeepower.com\" target=\"_blank\" rel=\"noopener\">aeepower.com<\/a><\/td>\n<td>Usado por WordPress para guardar preferencias de cookies.<\/td>\n<td>Hasta que termine la sesi\u00f3n<\/td>\n<td>Persistente<\/td>\n<\/tr>\n<tr>\n<td>wfwaf-authcookie<\/td>\n<td>Funcional<\/td>\n<td>Wordfence<\/td>\n<td>Se utiliza para determinar si el usuario ha iniciado sesi\u00f3n.<\/td>\n<td>1 d\u00eda<\/td>\n<td>Persistente<\/td>\n<\/tr>\n<tr>\n<td>wp-wpml-current-admin-language_* \/ wp-wpml-current-language<\/td>\n<td>Funcional<\/td>\n<td>WordPress<\/td>\n<td>Se utiliza para almacenar la configuraci\u00f3n del idioma.<\/td>\n<td>1 a\u00f1o \/ 1 d\u00eda<\/td>\n<td>Persistente<\/td>\n<\/tr>\n<tr>\n<td>wordpress_sec<\/td>\n<td>Funcional<\/td>\n<td>WordPress<\/td>\n<td>Usado por WordPress para mantener la sesi\u00f3n de un usuario registrado.<\/td>\n<td>Hasta que termine la sesi\u00f3n<\/td>\n<td>Persistente<\/td>\n<\/tr>\n<\/tbody>\n<\/table><ul>\n<\/ul>\t\t\t\t\t\t\t\t<\/div>\n\t\t\t\t<\/div>\n\t\t\t\t\t<\/div>\n\t\t<\/div>\n\t\t\t\t\t<\/div>\n\t\t<\/section>\n\t\t\t\t<\/div>\n\t\t","protected":false},"excerpt":{"rendered":"<p>AEE POWER Pol\u00edtica de cookies. INFORMACI\u00d3N SOBRE LAS COOKIES Las cookies y otras tecnolog\u00edas similares, como los objetos compartidos locales, las cookies flash o los p\u00edxeles, son herramientas utilizadas por los servidores web para almacenar y recuperar informaci\u00f3n sobre sus visitantes, as\u00ed como para garantizar el correcto funcionamiento del sitio. Mediante estos dispositivos, el servidor &#8230; <a title=\"Pol\u00edtica de cookies\" class=\"read-more\" href=\"https:\/\/www.aeepower.com\/es\/politica-de-cookies\/\" aria-label=\"Leer m\u00e1s sobre Pol\u00edtica de cookies\">Leer m\u00e1s<\/a><\/p>\n","protected":false},"author":1,"featured_media":0,"parent":0,"menu_order":0,"comment_status":"closed","ping_status":"closed","template":"elementor_header_footer","meta":{"footnotes":""},"class_list":["post-133","page","type-page","status-publish"],"yoast_head":"<!-- This site is optimized with the Yoast SEO plugin v27.4 - https:\/\/yoast.com\/product\/yoast-seo-wordpress\/ -->\n<title>Pol\u00edtica de cookies - AEE Power<\/title>\n<meta name=\"robots\" content=\"noindex, follow\" \/>\n<meta property=\"og:locale\" content=\"es_ES\" \/>\n<meta property=\"og:type\" content=\"article\" \/>\n<meta property=\"og:title\" content=\"Pol\u00edtica de cookies - AEE Power\" \/>\n<meta property=\"og:description\" content=\"AEE POWER Pol\u00edtica de cookies. INFORMACI\u00d3N SOBRE LAS COOKIES Las cookies y otras tecnolog\u00edas similares, como los objetos compartidos locales, las cookies flash o los p\u00edxeles, son herramientas utilizadas por los servidores web para almacenar y recuperar informaci\u00f3n sobre sus visitantes, as\u00ed como para garantizar el correcto funcionamiento del sitio. Mediante estos dispositivos, el servidor ... Leer m\u00e1s\" \/>\n<meta property=\"og:url\" content=\"https:\/\/www.aeepower.com\/es\/politica-de-cookies\/\" \/>\n<meta property=\"og:site_name\" content=\"AEE Power\" \/>\n<meta property=\"article:modified_time\" content=\"2025-02-11T11:37:08+00:00\" \/>\n<meta property=\"og:image\" content=\"https:\/\/www.aeepower.com\/wp-content\/uploads\/Logo-AEE-396-300x120-gris.webp\" \/>\n\t<meta property=\"og:image:width\" content=\"300\" \/>\n\t<meta property=\"og:image:height\" content=\"120\" \/>\n\t<meta property=\"og:image:type\" content=\"image\/webp\" \/>\n<meta name=\"twitter:card\" content=\"summary_large_image\" \/>\n<meta name=\"twitter:label1\" content=\"Tiempo de lectura\" \/>\n\t<meta name=\"twitter:data1\" content=\"4 minutos\" \/>\n<script type=\"application\/ld+json\" class=\"yoast-schema-graph\">{\"@context\":\"https:\\\/\\\/schema.org\",\"@graph\":[{\"@type\":\"WebPage\",\"@id\":\"https:\\\/\\\/www.aeepower.com\\\/es\\\/politica-de-cookies\\\/\",\"url\":\"https:\\\/\\\/www.aeepower.com\\\/es\\\/politica-de-cookies\\\/\",\"name\":\"Pol\u00edtica de cookies - AEE Power\",\"isPartOf\":{\"@id\":\"https:\\\/\\\/www.aeepower.com\\\/#website\"},\"datePublished\":\"2025-01-20T14:31:47+00:00\",\"dateModified\":\"2025-02-11T11:37:08+00:00\",\"breadcrumb\":{\"@id\":\"https:\\\/\\\/www.aeepower.com\\\/es\\\/politica-de-cookies\\\/#breadcrumb\"},\"inLanguage\":\"es\",\"potentialAction\":[{\"@type\":\"ReadAction\",\"target\":[\"https:\\\/\\\/www.aeepower.com\\\/es\\\/politica-de-cookies\\\/\"]}]},{\"@type\":\"BreadcrumbList\",\"@id\":\"https:\\\/\\\/www.aeepower.com\\\/es\\\/politica-de-cookies\\\/#breadcrumb\",\"itemListElement\":[{\"@type\":\"ListItem\",\"position\":1,\"name\":\"Portada\",\"item\":\"https:\\\/\\\/www.aeepower.com\\\/es\\\/\"},{\"@type\":\"ListItem\",\"position\":2,\"name\":\"Pol\u00edtica de cookies\"}]},{\"@type\":\"WebSite\",\"@id\":\"https:\\\/\\\/www.aeepower.com\\\/#website\",\"url\":\"https:\\\/\\\/www.aeepower.com\\\/\",\"name\":\"AEE Power\",\"description\":\"AEE Power. The energy of Africa\",\"publisher\":{\"@id\":\"https:\\\/\\\/www.aeepower.com\\\/#organization\"},\"alternateName\":\"The energy of Africa\",\"potentialAction\":[{\"@type\":\"SearchAction\",\"target\":{\"@type\":\"EntryPoint\",\"urlTemplate\":\"https:\\\/\\\/www.aeepower.com\\\/?s={search_term_string}\"},\"query-input\":{\"@type\":\"PropertyValueSpecification\",\"valueRequired\":true,\"valueName\":\"search_term_string\"}}],\"inLanguage\":\"es\"},{\"@type\":\"Organization\",\"@id\":\"https:\\\/\\\/www.aeepower.com\\\/#organization\",\"name\":\"AEE Power\",\"alternateName\":\"The Energy of Africa\",\"url\":\"https:\\\/\\\/www.aeepower.com\\\/\",\"logo\":{\"@type\":\"ImageObject\",\"inLanguage\":\"es\",\"@id\":\"https:\\\/\\\/www.aeepower.com\\\/#\\\/schema\\\/logo\\\/image\\\/\",\"url\":\"https:\\\/\\\/www.aeepower.com\\\/wp-content\\\/uploads\\\/Logo-AEE.webp\",\"contentUrl\":\"https:\\\/\\\/www.aeepower.com\\\/wp-content\\\/uploads\\\/Logo-AEE.webp\",\"width\":182,\"height\":117,\"caption\":\"AEE Power\"},\"image\":{\"@id\":\"https:\\\/\\\/www.aeepower.com\\\/#\\\/schema\\\/logo\\\/image\\\/\"}}]}<\/script>\n<!-- \/ Yoast SEO plugin. -->","yoast_head_json":{"title":"Pol\u00edtica de cookies - AEE Power","robots":{"index":"noindex","follow":"follow"},"og_locale":"es_ES","og_type":"article","og_title":"Pol\u00edtica de cookies - AEE Power","og_description":"AEE POWER Pol\u00edtica de cookies. INFORMACI\u00d3N SOBRE LAS COOKIES Las cookies y otras tecnolog\u00edas similares, como los objetos compartidos locales, las cookies flash o los p\u00edxeles, son herramientas utilizadas por los servidores web para almacenar y recuperar informaci\u00f3n sobre sus visitantes, as\u00ed como para garantizar el correcto funcionamiento del sitio. Mediante estos dispositivos, el servidor ... Leer m\u00e1s","og_url":"https:\/\/www.aeepower.com\/es\/politica-de-cookies\/","og_site_name":"AEE Power","article_modified_time":"2025-02-11T11:37:08+00:00","og_image":[{"width":300,"height":120,"url":"https:\/\/www.aeepower.com\/wp-content\/uploads\/Logo-AEE-396-300x120-gris.webp","type":"image\/webp"}],"twitter_card":"summary_large_image","twitter_misc":{"Tiempo de lectura":"4 minutos"},"schema":{"@context":"https:\/\/schema.org","@graph":[{"@type":"WebPage","@id":"https:\/\/www.aeepower.com\/es\/politica-de-cookies\/","url":"https:\/\/www.aeepower.com\/es\/politica-de-cookies\/","name":"Pol\u00edtica de cookies - AEE Power","isPartOf":{"@id":"https:\/\/www.aeepower.com\/#website"},"datePublished":"2025-01-20T14:31:47+00:00","dateModified":"2025-02-11T11:37:08+00:00","breadcrumb":{"@id":"https:\/\/www.aeepower.com\/es\/politica-de-cookies\/#breadcrumb"},"inLanguage":"es","potentialAction":[{"@type":"ReadAction","target":["https:\/\/www.aeepower.com\/es\/politica-de-cookies\/"]}]},{"@type":"BreadcrumbList","@id":"https:\/\/www.aeepower.com\/es\/politica-de-cookies\/#breadcrumb","itemListElement":[{"@type":"ListItem","position":1,"name":"Portada","item":"https:\/\/www.aeepower.com\/es\/"},{"@type":"ListItem","position":2,"name":"Pol\u00edtica de cookies"}]},{"@type":"WebSite","@id":"https:\/\/www.aeepower.com\/#website","url":"https:\/\/www.aeepower.com\/","name":"AEE Power","description":"AEE Power. The energy of Africa","publisher":{"@id":"https:\/\/www.aeepower.com\/#organization"},"alternateName":"The energy of Africa","potentialAction":[{"@type":"SearchAction","target":{"@type":"EntryPoint","urlTemplate":"https:\/\/www.aeepower.com\/?s={search_term_string}"},"query-input":{"@type":"PropertyValueSpecification","valueRequired":true,"valueName":"search_term_string"}}],"inLanguage":"es"},{"@type":"Organization","@id":"https:\/\/www.aeepower.com\/#organization","name":"AEE Power","alternateName":"The Energy of Africa","url":"https:\/\/www.aeepower.com\/","logo":{"@type":"ImageObject","inLanguage":"es","@id":"https:\/\/www.aeepower.com\/#\/schema\/logo\/image\/","url":"https:\/\/www.aeepower.com\/wp-content\/uploads\/Logo-AEE.webp","contentUrl":"https:\/\/www.aeepower.com\/wp-content\/uploads\/Logo-AEE.webp","width":182,"height":117,"caption":"AEE Power"},"image":{"@id":"https:\/\/www.aeepower.com\/#\/schema\/logo\/image\/"}}]}},"_links":{"self":[{"href":"https:\/\/www.aeepower.com\/es\/wp-json\/wp\/v2\/pages\/133","targetHints":{"allow":["GET"]}}],"collection":[{"href":"https:\/\/www.aeepower.com\/es\/wp-json\/wp\/v2\/pages"}],"about":[{"href":"https:\/\/www.aeepower.com\/es\/wp-json\/wp\/v2\/types\/page"}],"author":[{"embeddable":true,"href":"https:\/\/www.aeepower.com\/es\/wp-json\/wp\/v2\/users\/1"}],"replies":[{"embeddable":true,"href":"https:\/\/www.aeepower.com\/es\/wp-json\/wp\/v2\/comments?post=133"}],"version-history":[{"count":5,"href":"https:\/\/www.aeepower.com\/es\/wp-json\/wp\/v2\/pages\/133\/revisions"}],"predecessor-version":[{"id":1954,"href":"https:\/\/www.aeepower.com\/es\/wp-json\/wp\/v2\/pages\/133\/revisions\/1954"}],"wp:attachment":[{"href":"https:\/\/www.aeepower.com\/es\/wp-json\/wp\/v2\/media?parent=133"}],"curies":[{"name":"wp","href":"https:\/\/api.w.org\/{rel}","templated":true}]}}