{"id":136,"date":"2025-01-20T15:32:11","date_gmt":"2025-01-20T14:32:11","guid":{"rendered":"https:\/\/www.aeepower.com\/?page_id=136"},"modified":"2025-02-10T11:42:21","modified_gmt":"2025-02-10T10:42:21","slug":"aviso-legal","status":"publish","type":"page","link":"https:\/\/www.aeepower.com\/es\/aviso-legal\/","title":{"rendered":"Aviso legal"},"content":{"rendered":"\t\t<div data-elementor-type=\"wp-page\" data-elementor-id=\"136\" class=\"elementor elementor-136\" data-elementor-post-type=\"page\">\n\t\t\t\t\t\t<section class=\"elementor-section elementor-top-section elementor-element elementor-element-bf56533 elementor-section-height-min-height elementor-section-boxed elementor-section-height-default elementor-section-items-middle\" data-id=\"bf56533\" data-element_type=\"section\" data-e-type=\"section\" data-settings=\"{&quot;background_background&quot;:&quot;classic&quot;}\">\n\t\t\t\t\t\t<div class=\"elementor-container elementor-column-gap-default\">\n\t\t\t\t\t<div class=\"elementor-column elementor-col-100 elementor-top-column elementor-element elementor-element-10d19c9\" data-id=\"10d19c9\" data-element_type=\"column\" data-e-type=\"column\">\n\t\t\t<div class=\"elementor-widget-wrap elementor-element-populated\">\n\t\t\t\t\t\t<div class=\"elementor-element elementor-element-79b971a elementor-widget elementor-widget-heading\" data-id=\"79b971a\" data-element_type=\"widget\" data-e-type=\"widget\" data-widget_type=\"heading.default\">\n\t\t\t\t<div class=\"elementor-widget-container\">\n\t\t\t\t\t<div class=\"elementor-heading-title elementor-size-default\">AEE POWER<\/div>\t\t\t\t<\/div>\n\t\t\t\t<\/div>\n\t\t\t\t<div class=\"elementor-element elementor-element-3e90cd2 animated-slow elementor-invisible elementor-widget elementor-widget-heading\" data-id=\"3e90cd2\" data-element_type=\"widget\" data-e-type=\"widget\" data-settings=\"{&quot;_animation&quot;:&quot;zoomIn&quot;,&quot;_animation_tablet&quot;:&quot;none&quot;}\" data-widget_type=\"heading.default\">\n\t\t\t\t<div class=\"elementor-widget-container\">\n\t\t\t\t\t<h1 class=\"elementor-heading-title elementor-size-default\"><span style=\"color:#F3D03E\">Aviso<\/span> legal.<\/h1>\t\t\t\t<\/div>\n\t\t\t\t<\/div>\n\t\t\t\t\t<\/div>\n\t\t<\/div>\n\t\t\t\t\t<\/div>\n\t\t<\/section>\n\t\t\t\t<section class=\"elementor-section elementor-top-section elementor-element elementor-element-1082e53 elementor-section-boxed elementor-section-height-default elementor-section-height-default\" data-id=\"1082e53\" data-element_type=\"section\" data-e-type=\"section\">\n\t\t\t\t\t\t<div class=\"elementor-container elementor-column-gap-default\">\n\t\t\t\t\t<div class=\"elementor-column elementor-col-100 elementor-top-column elementor-element elementor-element-e8aeb6c\" data-id=\"e8aeb6c\" data-element_type=\"column\" data-e-type=\"column\">\n\t\t\t<div class=\"elementor-widget-wrap elementor-element-populated\">\n\t\t\t\t\t\t<div class=\"elementor-element elementor-element-fdbbf80 elementor-widget elementor-widget-text-editor\" data-id=\"fdbbf80\" data-element_type=\"widget\" data-e-type=\"widget\" data-widget_type=\"text-editor.default\">\n\t\t\t\t<div class=\"elementor-widget-container\">\n\t\t\t\t\t\t\t\t\t<p>Este aviso legal (en adelante, el \u201cAviso Legal\u201d) regula el uso del sitio web https:\/\/www.aeepower.com (en adelante, el \u201csitio web\u201d) de AEE Power EPC S.A.U. con CIF (C\u00f3digo de Identificaci\u00f3n Fiscal espa\u00f1ol) A84646256.<\/p><h2>LEGISLACI\u00d3N<\/h2><p>En general, las relaciones entre AEE Power y los usuarios de sus servicios telem\u00e1ticos, presentes en el sitio web, est\u00e1n sujetas a la legislaci\u00f3n y jurisdicci\u00f3n espa\u00f1olas.<\/p><h2>USO Y ACCESO DEL USUARIO<\/h2><p>El Usuario est\u00e1 informado y acepta que el acceso a este sitio web no implica, de ninguna manera, una relaci\u00f3n comercial con AEE Power o cualquiera de sus filiales.<\/p><h2>PROPIEDAD INTELECTUAL E INDUSTRIAL<\/h2><p>Los derechos de propiedad intelectual del contenido de las p\u00e1ginas web, su dise\u00f1o gr\u00e1fico y c\u00f3digos son propiedad de AEE Power y, por lo tanto, se proh\u00edbe su reproducci\u00f3n, distribuci\u00f3n, comunicaci\u00f3n p\u00fablica, transformaci\u00f3n o cualquier otra actividad que se pueda realizar con los contenidos de sus p\u00e1ginas web, incluso si se citan las fuentes, salvo que se cuente con el consentimiento por escrito de AEE Power.<\/p><h2>CONTENIDO WEB Y ENLACES<\/h2><p>AEE Power se reserva el derecho de actualizar, cambiar o eliminar la informaci\u00f3n contenida en sus p\u00e1ginas web y puede incluso limitar o denegar el acceso a dicha informaci\u00f3n a ciertos usuarios. AEE Power no asume ninguna responsabilidad por la informaci\u00f3n contenida en las p\u00e1ginas web de terceros a las que se pueda acceder mediante enlaces o \u201clinks\u201d desde cualquier sitio web propiedad de AEE Power. La presencia de enlaces o \u201clinks\u201d en las p\u00e1ginas web de AEE Power tiene un prop\u00f3sito meramente informativo y en ning\u00fan caso implica sugerencia, invitaci\u00f3n o recomendaci\u00f3n de los mismos.<\/p>\t\t\t\t\t\t\t\t<\/div>\n\t\t\t\t<\/div>\n\t\t\t\t\t<\/div>\n\t\t<\/div>\n\t\t\t\t\t<\/div>\n\t\t<\/section>\n\t\t\t\t<\/div>\n\t\t","protected":false},"excerpt":{"rendered":"<p>AEE POWER Aviso legal. Este aviso legal (en adelante, el \u201cAviso Legal\u201d) regula el uso del sitio web https:\/\/www.aeepower.com (en adelante, el \u201csitio web\u201d) de AEE Power EPC S.A.U. con CIF (C\u00f3digo de Identificaci\u00f3n Fiscal espa\u00f1ol) A84646256. LEGISLACI\u00d3N En general, las relaciones entre AEE Power y los usuarios de sus servicios telem\u00e1ticos, presentes en el &#8230; <a title=\"Aviso legal\" class=\"read-more\" href=\"https:\/\/www.aeepower.com\/es\/aviso-legal\/\" aria-label=\"Leer m\u00e1s sobre Aviso legal\">Leer m\u00e1s<\/a><\/p>\n","protected":false},"author":1,"featured_media":0,"parent":0,"menu_order":0,"comment_status":"closed","ping_status":"closed","template":"elementor_header_footer","meta":{"footnotes":""},"class_list":["post-136","page","type-page","status-publish"],"yoast_head":"<!-- This site is optimized with the Yoast SEO plugin v27.4 - https:\/\/yoast.com\/product\/yoast-seo-wordpress\/ -->\n<title>Aviso legal - AEE Power<\/title>\n<meta name=\"robots\" content=\"noindex, follow\" \/>\n<meta property=\"og:locale\" content=\"es_ES\" \/>\n<meta property=\"og:type\" content=\"article\" \/>\n<meta property=\"og:title\" content=\"Aviso legal - AEE Power\" \/>\n<meta property=\"og:description\" content=\"AEE POWER Aviso legal. Este aviso legal (en adelante, el \u201cAviso Legal\u201d) regula el uso del sitio web https:\/\/www.aeepower.com (en adelante, el \u201csitio web\u201d) de AEE Power EPC S.A.U. con CIF (C\u00f3digo de Identificaci\u00f3n Fiscal espa\u00f1ol) A84646256. LEGISLACI\u00d3N En general, las relaciones entre AEE Power y los usuarios de sus servicios telem\u00e1ticos, presentes en el ... Leer m\u00e1s\" \/>\n<meta property=\"og:url\" content=\"https:\/\/www.aeepower.com\/es\/aviso-legal\/\" \/>\n<meta property=\"og:site_name\" content=\"AEE Power\" \/>\n<meta property=\"article:modified_time\" content=\"2025-02-10T10:42:21+00:00\" \/>\n<meta property=\"og:image\" content=\"https:\/\/www.aeepower.com\/wp-content\/uploads\/Logo-AEE-396-300x120-gris.webp\" \/>\n\t<meta property=\"og:image:width\" content=\"300\" \/>\n\t<meta property=\"og:image:height\" content=\"120\" \/>\n\t<meta property=\"og:image:type\" content=\"image\/webp\" \/>\n<meta name=\"twitter:card\" content=\"summary_large_image\" \/>\n<meta name=\"twitter:label1\" content=\"Tiempo de lectura\" \/>\n\t<meta name=\"twitter:data1\" content=\"2 minutos\" \/>\n<script type=\"application\/ld+json\" class=\"yoast-schema-graph\">{\"@context\":\"https:\\\/\\\/schema.org\",\"@graph\":[{\"@type\":\"WebPage\",\"@id\":\"https:\\\/\\\/www.aeepower.com\\\/es\\\/aviso-legal\\\/\",\"url\":\"https:\\\/\\\/www.aeepower.com\\\/es\\\/aviso-legal\\\/\",\"name\":\"Aviso legal - AEE Power\",\"isPartOf\":{\"@id\":\"https:\\\/\\\/www.aeepower.com\\\/#website\"},\"datePublished\":\"2025-01-20T14:32:11+00:00\",\"dateModified\":\"2025-02-10T10:42:21+00:00\",\"breadcrumb\":{\"@id\":\"https:\\\/\\\/www.aeepower.com\\\/es\\\/aviso-legal\\\/#breadcrumb\"},\"inLanguage\":\"es\",\"potentialAction\":[{\"@type\":\"ReadAction\",\"target\":[\"https:\\\/\\\/www.aeepower.com\\\/es\\\/aviso-legal\\\/\"]}]},{\"@type\":\"BreadcrumbList\",\"@id\":\"https:\\\/\\\/www.aeepower.com\\\/es\\\/aviso-legal\\\/#breadcrumb\",\"itemListElement\":[{\"@type\":\"ListItem\",\"position\":1,\"name\":\"Portada\",\"item\":\"https:\\\/\\\/www.aeepower.com\\\/es\\\/\"},{\"@type\":\"ListItem\",\"position\":2,\"name\":\"Aviso legal\"}]},{\"@type\":\"WebSite\",\"@id\":\"https:\\\/\\\/www.aeepower.com\\\/#website\",\"url\":\"https:\\\/\\\/www.aeepower.com\\\/\",\"name\":\"AEE Power\",\"description\":\"AEE Power. The energy of Africa\",\"publisher\":{\"@id\":\"https:\\\/\\\/www.aeepower.com\\\/#organization\"},\"alternateName\":\"The energy of Africa\",\"potentialAction\":[{\"@type\":\"SearchAction\",\"target\":{\"@type\":\"EntryPoint\",\"urlTemplate\":\"https:\\\/\\\/www.aeepower.com\\\/?s={search_term_string}\"},\"query-input\":{\"@type\":\"PropertyValueSpecification\",\"valueRequired\":true,\"valueName\":\"search_term_string\"}}],\"inLanguage\":\"es\"},{\"@type\":\"Organization\",\"@id\":\"https:\\\/\\\/www.aeepower.com\\\/#organization\",\"name\":\"AEE Power\",\"alternateName\":\"The Energy of Africa\",\"url\":\"https:\\\/\\\/www.aeepower.com\\\/\",\"logo\":{\"@type\":\"ImageObject\",\"inLanguage\":\"es\",\"@id\":\"https:\\\/\\\/www.aeepower.com\\\/#\\\/schema\\\/logo\\\/image\\\/\",\"url\":\"https:\\\/\\\/www.aeepower.com\\\/wp-content\\\/uploads\\\/Logo-AEE.webp\",\"contentUrl\":\"https:\\\/\\\/www.aeepower.com\\\/wp-content\\\/uploads\\\/Logo-AEE.webp\",\"width\":182,\"height\":117,\"caption\":\"AEE Power\"},\"image\":{\"@id\":\"https:\\\/\\\/www.aeepower.com\\\/#\\\/schema\\\/logo\\\/image\\\/\"}}]}<\/script>\n<!-- \/ Yoast SEO plugin. -->","yoast_head_json":{"title":"Aviso legal - AEE Power","robots":{"index":"noindex","follow":"follow"},"og_locale":"es_ES","og_type":"article","og_title":"Aviso legal - AEE Power","og_description":"AEE POWER Aviso legal. Este aviso legal (en adelante, el \u201cAviso Legal\u201d) regula el uso del sitio web https:\/\/www.aeepower.com (en adelante, el \u201csitio web\u201d) de AEE Power EPC S.A.U. con CIF (C\u00f3digo de Identificaci\u00f3n Fiscal espa\u00f1ol) A84646256. LEGISLACI\u00d3N En general, las relaciones entre AEE Power y los usuarios de sus servicios telem\u00e1ticos, presentes en el ... Leer m\u00e1s","og_url":"https:\/\/www.aeepower.com\/es\/aviso-legal\/","og_site_name":"AEE Power","article_modified_time":"2025-02-10T10:42:21+00:00","og_image":[{"width":300,"height":120,"url":"https:\/\/www.aeepower.com\/wp-content\/uploads\/Logo-AEE-396-300x120-gris.webp","type":"image\/webp"}],"twitter_card":"summary_large_image","twitter_misc":{"Tiempo de lectura":"2 minutos"},"schema":{"@context":"https:\/\/schema.org","@graph":[{"@type":"WebPage","@id":"https:\/\/www.aeepower.com\/es\/aviso-legal\/","url":"https:\/\/www.aeepower.com\/es\/aviso-legal\/","name":"Aviso legal - AEE Power","isPartOf":{"@id":"https:\/\/www.aeepower.com\/#website"},"datePublished":"2025-01-20T14:32:11+00:00","dateModified":"2025-02-10T10:42:21+00:00","breadcrumb":{"@id":"https:\/\/www.aeepower.com\/es\/aviso-legal\/#breadcrumb"},"inLanguage":"es","potentialAction":[{"@type":"ReadAction","target":["https:\/\/www.aeepower.com\/es\/aviso-legal\/"]}]},{"@type":"BreadcrumbList","@id":"https:\/\/www.aeepower.com\/es\/aviso-legal\/#breadcrumb","itemListElement":[{"@type":"ListItem","position":1,"name":"Portada","item":"https:\/\/www.aeepower.com\/es\/"},{"@type":"ListItem","position":2,"name":"Aviso legal"}]},{"@type":"WebSite","@id":"https:\/\/www.aeepower.com\/#website","url":"https:\/\/www.aeepower.com\/","name":"AEE Power","description":"AEE Power. The energy of Africa","publisher":{"@id":"https:\/\/www.aeepower.com\/#organization"},"alternateName":"The energy of Africa","potentialAction":[{"@type":"SearchAction","target":{"@type":"EntryPoint","urlTemplate":"https:\/\/www.aeepower.com\/?s={search_term_string}"},"query-input":{"@type":"PropertyValueSpecification","valueRequired":true,"valueName":"search_term_string"}}],"inLanguage":"es"},{"@type":"Organization","@id":"https:\/\/www.aeepower.com\/#organization","name":"AEE Power","alternateName":"The Energy of Africa","url":"https:\/\/www.aeepower.com\/","logo":{"@type":"ImageObject","inLanguage":"es","@id":"https:\/\/www.aeepower.com\/#\/schema\/logo\/image\/","url":"https:\/\/www.aeepower.com\/wp-content\/uploads\/Logo-AEE.webp","contentUrl":"https:\/\/www.aeepower.com\/wp-content\/uploads\/Logo-AEE.webp","width":182,"height":117,"caption":"AEE Power"},"image":{"@id":"https:\/\/www.aeepower.com\/#\/schema\/logo\/image\/"}}]}},"_links":{"self":[{"href":"https:\/\/www.aeepower.com\/es\/wp-json\/wp\/v2\/pages\/136","targetHints":{"allow":["GET"]}}],"collection":[{"href":"https:\/\/www.aeepower.com\/es\/wp-json\/wp\/v2\/pages"}],"about":[{"href":"https:\/\/www.aeepower.com\/es\/wp-json\/wp\/v2\/types\/page"}],"author":[{"embeddable":true,"href":"https:\/\/www.aeepower.com\/es\/wp-json\/wp\/v2\/users\/1"}],"replies":[{"embeddable":true,"href":"https:\/\/www.aeepower.com\/es\/wp-json\/wp\/v2\/comments?post=136"}],"version-history":[{"count":5,"href":"https:\/\/www.aeepower.com\/es\/wp-json\/wp\/v2\/pages\/136\/revisions"}],"predecessor-version":[{"id":1712,"href":"https:\/\/www.aeepower.com\/es\/wp-json\/wp\/v2\/pages\/136\/revisions\/1712"}],"wp:attachment":[{"href":"https:\/\/www.aeepower.com\/es\/wp-json\/wp\/v2\/media?parent=136"}],"curies":[{"name":"wp","href":"https:\/\/api.w.org\/{rel}","templated":true}]}}