{"id":3,"date":"2021-03-29T15:55:48","date_gmt":"2021-03-29T15:55:48","guid":{"rendered":"https:\/\/www.aeepower.com\/?page_id=3"},"modified":"2025-02-11T12:50:52","modified_gmt":"2025-02-11T11:50:52","slug":"politica-de-privacidad","status":"publish","type":"page","link":"https:\/\/www.aeepower.com\/es\/politica-de-privacidad\/","title":{"rendered":"Pol\u00edtica de privacidad"},"content":{"rendered":"\t\t<div data-elementor-type=\"wp-page\" data-elementor-id=\"3\" class=\"elementor elementor-3\" data-elementor-post-type=\"page\">\n\t\t\t\t\t\t<section class=\"elementor-section elementor-top-section elementor-element elementor-element-8a9e765 elementor-section-height-min-height elementor-section-boxed elementor-section-height-default elementor-section-items-middle\" data-id=\"8a9e765\" data-element_type=\"section\" data-e-type=\"section\" data-settings=\"{&quot;background_background&quot;:&quot;classic&quot;}\">\n\t\t\t\t\t\t<div class=\"elementor-container elementor-column-gap-default\">\n\t\t\t\t\t<div class=\"elementor-column elementor-col-100 elementor-top-column elementor-element elementor-element-5b03bfc\" data-id=\"5b03bfc\" data-element_type=\"column\" data-e-type=\"column\">\n\t\t\t<div class=\"elementor-widget-wrap elementor-element-populated\">\n\t\t\t\t\t\t<div class=\"elementor-element elementor-element-8e78dab elementor-widget elementor-widget-heading\" data-id=\"8e78dab\" data-element_type=\"widget\" data-e-type=\"widget\" data-widget_type=\"heading.default\">\n\t\t\t\t<div class=\"elementor-widget-container\">\n\t\t\t\t\t<div class=\"elementor-heading-title elementor-size-default\">AEE POWER<\/div>\t\t\t\t<\/div>\n\t\t\t\t<\/div>\n\t\t\t\t<div class=\"elementor-element elementor-element-73703f5 animated-slow elementor-invisible elementor-widget elementor-widget-heading\" data-id=\"73703f5\" data-element_type=\"widget\" data-e-type=\"widget\" data-settings=\"{&quot;_animation&quot;:&quot;zoomIn&quot;,&quot;_animation_tablet&quot;:&quot;none&quot;}\" data-widget_type=\"heading.default\">\n\t\t\t\t<div class=\"elementor-widget-container\">\n\t\t\t\t\t<h1 class=\"elementor-heading-title elementor-size-default\"><span style=\"color:#F3D03E\">Pol\u00edtica<\/span> de privacidad.<\/h1>\t\t\t\t<\/div>\n\t\t\t\t<\/div>\n\t\t\t\t\t<\/div>\n\t\t<\/div>\n\t\t\t\t\t<\/div>\n\t\t<\/section>\n\t\t\t\t<section class=\"elementor-section elementor-top-section elementor-element elementor-element-4b170227 elementor-section-boxed elementor-section-height-default elementor-section-height-default\" data-id=\"4b170227\" data-element_type=\"section\" data-e-type=\"section\">\n\t\t\t\t\t\t<div class=\"elementor-container elementor-column-gap-default\">\n\t\t\t\t\t<div class=\"elementor-column elementor-col-100 elementor-top-column elementor-element elementor-element-4fc3b0c0\" data-id=\"4fc3b0c0\" data-element_type=\"column\" data-e-type=\"column\">\n\t\t\t<div class=\"elementor-widget-wrap elementor-element-populated\">\n\t\t\t\t\t\t<div class=\"elementor-element elementor-element-4f85906c elementor-widget elementor-widget-text-editor\" data-id=\"4f85906c\" data-element_type=\"widget\" data-e-type=\"widget\" data-widget_type=\"text-editor.default\">\n\t\t\t\t<div class=\"elementor-widget-container\">\n\t\t\t\t\t\t\t\t\t<h3>Controlador de Datos:<\/h3><p>AEE Power EPC S.A.U.<br \/><span style=\"color: var( --e-global-color-text );\">A84646256<br \/><\/span><span style=\"color: var( --e-global-color-text );\">Avenida del Parten\u00f3n 16-18, 28042 Madrid<br \/><\/span><a href=\"mailto:aeepower@aeepower.com\">aeepower@aeepower.com<\/a><br \/><span style=\"color: var( --e-global-color-text );\">917708777<\/span><\/p><p>El controlador de datos se compromete, de conformidad con el Reglamento (UE) 2016\/679 y la Ley Org\u00e1nica 3\/2018, de 5 de diciembre, a proteger su privacidad y sus datos personales, proporcionando una conexi\u00f3n segura al usuario para evitar alteraciones y acceso no autorizado a su informaci\u00f3n personal.<\/p><h3>Tipo de datos que recopilamos:<\/h3><p>\u2022 Datos de identificaci\u00f3n.<br \/>\u2022 Datos acad\u00e9micos y profesionales.<br \/>\u2022 Datos de empleo<br \/>\u2022 Datos de caracter\u00edsticas personales<\/p><p>Estos datos son necesarios para llevar a cabo las actividades descritas en la siguiente secci\u00f3n. De lo contrario, no podremos informarle ni procesar sus solicitudes.<\/p><h3>Prop\u00f3sito y usos<\/h3><p>La informaci\u00f3n recopilada en el sitio web solo se utilizar\u00e1 para los siguientes prop\u00f3sitos:<\/p><ul><li>Para responder a su solicitud de informaci\u00f3n y contactarnos<br \/>\u2022 Asistir y procesar su Curriculum Vitae.<\/li><\/ul><p>C\u00f3mo recopilamos informaci\u00f3n:<br \/>AEE Power obtiene sus datos a trav\u00e9s de este sitio web, siempre que usted proporcione la informaci\u00f3n.<\/p><h3>Transferencias Internacionales<\/h3><p>AEE Power no transferir\u00e1 sus datos personales a terceros pa\u00edses sin su previo consentimiento expreso o las garant\u00edas adecuadas.<\/p><h3>Plazo de retenci\u00f3n de datos personales.<\/h3><p>Tambi\u00e9n le informamos que AEE Power retendr\u00e1 sus datos personales durante la duraci\u00f3n del servicio de informaci\u00f3n y la duraci\u00f3n del proceso de selecci\u00f3n, o el per\u00edodo requerido por las obligaciones legales que pueden afectar el procesamiento de datos, el ejercicio de su derecho de acceso, rectificaci\u00f3n, cancelaci\u00f3n y limitaci\u00f3n del procesamiento, y para oponerse enviando una solicitud por escrito a Avenida del Parten\u00f3n 16-18, 28042 Madrid o aeepower@aeepower.com<\/p><h3>Portabilidad de datos<\/h3><p>Le informamos que utilizamos servicios de computaci\u00f3n en la nube.<\/p><h3>Queja a la autoridad supervisora<\/h3><p>Le informamos que, si considera que sus datos se est\u00e1n utilizando incorrectamente, tiene derecho a presentar una queja ante la Autoridad de Control, que es la Agencia Espa\u00f1ola de Protecci\u00f3n de Datos con direcci\u00f3n Calle Jorge Juan 6, 28001 Madrid.<\/p><h3>Comportamiento de seguimiento y signos de no seguimiento<\/h3><p>AEE Power utiliza tecnolog\u00edas de recopilaci\u00f3n de datos para recopilar datos en su navegaci\u00f3n. Por favor, consulte nuestra Pol\u00edtica de cookies.<\/p><h3>Privacidad de menores<\/h3><p>AEE Power tiene especial cuidado para proteger la privacidad de los menores. Nuestros sitios web son sitios para el p\u00fablico en general. No permitimos que se registren ni\u00f1os menores de 16 a\u00f1os, ni almacenamos la informaci\u00f3n personal de los usuarios menores de 16 a\u00f1os.<\/p>\t\t\t\t\t\t\t\t<\/div>\n\t\t\t\t<\/div>\n\t\t\t\t\t<\/div>\n\t\t<\/div>\n\t\t\t\t\t<\/div>\n\t\t<\/section>\n\t\t\t\t<\/div>\n\t\t","protected":false},"excerpt":{"rendered":"<p>AEE POWER Pol\u00edtica de privacidad. Controlador de Datos: AEE Power EPC S.A.U.A84646256Avenida del Parten\u00f3n 16-18, 28042 Madridaeepower@aeepower.com917708777 El controlador de datos se compromete, de conformidad con el Reglamento (UE) 2016\/679 y la Ley Org\u00e1nica 3\/2018, de 5 de diciembre, a proteger su privacidad y sus datos personales, proporcionando una conexi\u00f3n segura al usuario para evitar &#8230; <a title=\"Pol\u00edtica de privacidad\" class=\"read-more\" href=\"https:\/\/www.aeepower.com\/es\/politica-de-privacidad\/\" aria-label=\"Leer m\u00e1s sobre Pol\u00edtica de privacidad\">Leer m\u00e1s<\/a><\/p>\n","protected":false},"author":1,"featured_media":0,"parent":0,"menu_order":0,"comment_status":"closed","ping_status":"closed","template":"elementor_header_footer","meta":{"footnotes":""},"class_list":["post-3","page","type-page","status-publish"],"yoast_head":"<!-- This site is optimized with the Yoast SEO plugin v27.4 - https:\/\/yoast.com\/product\/yoast-seo-wordpress\/ -->\n<title>Pol\u00edtica de privacidad - AEE Power<\/title>\n<meta name=\"robots\" content=\"noindex, follow\" \/>\n<meta property=\"og:locale\" content=\"es_ES\" \/>\n<meta property=\"og:type\" content=\"article\" \/>\n<meta property=\"og:title\" content=\"Pol\u00edtica de privacidad - AEE Power\" \/>\n<meta property=\"og:description\" content=\"AEE POWER Pol\u00edtica de privacidad. Controlador de Datos: AEE Power EPC S.A.U.A84646256Avenida del Parten\u00f3n 16-18, 28042 Madridaeepower@aeepower.com917708777 El controlador de datos se compromete, de conformidad con el Reglamento (UE) 2016\/679 y la Ley Org\u00e1nica 3\/2018, de 5 de diciembre, a proteger su privacidad y sus datos personales, proporcionando una conexi\u00f3n segura al usuario para evitar ... Leer m\u00e1s\" \/>\n<meta property=\"og:url\" content=\"https:\/\/www.aeepower.com\/es\/politica-de-privacidad\/\" \/>\n<meta property=\"og:site_name\" content=\"AEE Power\" \/>\n<meta property=\"article:modified_time\" content=\"2025-02-11T11:50:52+00:00\" \/>\n<meta property=\"og:image\" content=\"https:\/\/www.aeepower.com\/wp-content\/uploads\/Logo-AEE-396-300x120-gris.webp\" \/>\n\t<meta property=\"og:image:width\" content=\"300\" \/>\n\t<meta property=\"og:image:height\" content=\"120\" \/>\n\t<meta property=\"og:image:type\" content=\"image\/webp\" \/>\n<meta name=\"twitter:card\" content=\"summary_large_image\" \/>\n<meta name=\"twitter:label1\" content=\"Tiempo de lectura\" \/>\n\t<meta name=\"twitter:data1\" content=\"2 minutos\" \/>\n<script type=\"application\/ld+json\" class=\"yoast-schema-graph\">{\"@context\":\"https:\\\/\\\/schema.org\",\"@graph\":[{\"@type\":\"WebPage\",\"@id\":\"https:\\\/\\\/www.aeepower.com\\\/es\\\/politica-de-privacidad\\\/\",\"url\":\"https:\\\/\\\/www.aeepower.com\\\/es\\\/politica-de-privacidad\\\/\",\"name\":\"Pol\u00edtica de privacidad - AEE Power\",\"isPartOf\":{\"@id\":\"https:\\\/\\\/www.aeepower.com\\\/#website\"},\"datePublished\":\"2021-03-29T15:55:48+00:00\",\"dateModified\":\"2025-02-11T11:50:52+00:00\",\"breadcrumb\":{\"@id\":\"https:\\\/\\\/www.aeepower.com\\\/es\\\/politica-de-privacidad\\\/#breadcrumb\"},\"inLanguage\":\"es\",\"potentialAction\":[{\"@type\":\"ReadAction\",\"target\":[\"https:\\\/\\\/www.aeepower.com\\\/es\\\/politica-de-privacidad\\\/\"]}]},{\"@type\":\"BreadcrumbList\",\"@id\":\"https:\\\/\\\/www.aeepower.com\\\/es\\\/politica-de-privacidad\\\/#breadcrumb\",\"itemListElement\":[{\"@type\":\"ListItem\",\"position\":1,\"name\":\"Portada\",\"item\":\"https:\\\/\\\/www.aeepower.com\\\/es\\\/\"},{\"@type\":\"ListItem\",\"position\":2,\"name\":\"Pol\u00edtica de privacidad\"}]},{\"@type\":\"WebSite\",\"@id\":\"https:\\\/\\\/www.aeepower.com\\\/#website\",\"url\":\"https:\\\/\\\/www.aeepower.com\\\/\",\"name\":\"AEE Power\",\"description\":\"AEE Power. The energy of Africa\",\"publisher\":{\"@id\":\"https:\\\/\\\/www.aeepower.com\\\/#organization\"},\"alternateName\":\"The energy of Africa\",\"potentialAction\":[{\"@type\":\"SearchAction\",\"target\":{\"@type\":\"EntryPoint\",\"urlTemplate\":\"https:\\\/\\\/www.aeepower.com\\\/?s={search_term_string}\"},\"query-input\":{\"@type\":\"PropertyValueSpecification\",\"valueRequired\":true,\"valueName\":\"search_term_string\"}}],\"inLanguage\":\"es\"},{\"@type\":\"Organization\",\"@id\":\"https:\\\/\\\/www.aeepower.com\\\/#organization\",\"name\":\"AEE Power\",\"alternateName\":\"The Energy of Africa\",\"url\":\"https:\\\/\\\/www.aeepower.com\\\/\",\"logo\":{\"@type\":\"ImageObject\",\"inLanguage\":\"es\",\"@id\":\"https:\\\/\\\/www.aeepower.com\\\/#\\\/schema\\\/logo\\\/image\\\/\",\"url\":\"https:\\\/\\\/www.aeepower.com\\\/wp-content\\\/uploads\\\/Logo-AEE.webp\",\"contentUrl\":\"https:\\\/\\\/www.aeepower.com\\\/wp-content\\\/uploads\\\/Logo-AEE.webp\",\"width\":182,\"height\":117,\"caption\":\"AEE Power\"},\"image\":{\"@id\":\"https:\\\/\\\/www.aeepower.com\\\/#\\\/schema\\\/logo\\\/image\\\/\"}}]}<\/script>\n<!-- \/ Yoast SEO plugin. -->","yoast_head_json":{"title":"Pol\u00edtica de privacidad - AEE Power","robots":{"index":"noindex","follow":"follow"},"og_locale":"es_ES","og_type":"article","og_title":"Pol\u00edtica de privacidad - AEE Power","og_description":"AEE POWER Pol\u00edtica de privacidad. Controlador de Datos: AEE Power EPC S.A.U.A84646256Avenida del Parten\u00f3n 16-18, 28042 Madridaeepower@aeepower.com917708777 El controlador de datos se compromete, de conformidad con el Reglamento (UE) 2016\/679 y la Ley Org\u00e1nica 3\/2018, de 5 de diciembre, a proteger su privacidad y sus datos personales, proporcionando una conexi\u00f3n segura al usuario para evitar ... Leer m\u00e1s","og_url":"https:\/\/www.aeepower.com\/es\/politica-de-privacidad\/","og_site_name":"AEE Power","article_modified_time":"2025-02-11T11:50:52+00:00","og_image":[{"width":300,"height":120,"url":"https:\/\/www.aeepower.com\/wp-content\/uploads\/Logo-AEE-396-300x120-gris.webp","type":"image\/webp"}],"twitter_card":"summary_large_image","twitter_misc":{"Tiempo de lectura":"2 minutos"},"schema":{"@context":"https:\/\/schema.org","@graph":[{"@type":"WebPage","@id":"https:\/\/www.aeepower.com\/es\/politica-de-privacidad\/","url":"https:\/\/www.aeepower.com\/es\/politica-de-privacidad\/","name":"Pol\u00edtica de privacidad - AEE Power","isPartOf":{"@id":"https:\/\/www.aeepower.com\/#website"},"datePublished":"2021-03-29T15:55:48+00:00","dateModified":"2025-02-11T11:50:52+00:00","breadcrumb":{"@id":"https:\/\/www.aeepower.com\/es\/politica-de-privacidad\/#breadcrumb"},"inLanguage":"es","potentialAction":[{"@type":"ReadAction","target":["https:\/\/www.aeepower.com\/es\/politica-de-privacidad\/"]}]},{"@type":"BreadcrumbList","@id":"https:\/\/www.aeepower.com\/es\/politica-de-privacidad\/#breadcrumb","itemListElement":[{"@type":"ListItem","position":1,"name":"Portada","item":"https:\/\/www.aeepower.com\/es\/"},{"@type":"ListItem","position":2,"name":"Pol\u00edtica de privacidad"}]},{"@type":"WebSite","@id":"https:\/\/www.aeepower.com\/#website","url":"https:\/\/www.aeepower.com\/","name":"AEE Power","description":"AEE Power. The energy of Africa","publisher":{"@id":"https:\/\/www.aeepower.com\/#organization"},"alternateName":"The energy of Africa","potentialAction":[{"@type":"SearchAction","target":{"@type":"EntryPoint","urlTemplate":"https:\/\/www.aeepower.com\/?s={search_term_string}"},"query-input":{"@type":"PropertyValueSpecification","valueRequired":true,"valueName":"search_term_string"}}],"inLanguage":"es"},{"@type":"Organization","@id":"https:\/\/www.aeepower.com\/#organization","name":"AEE Power","alternateName":"The Energy of Africa","url":"https:\/\/www.aeepower.com\/","logo":{"@type":"ImageObject","inLanguage":"es","@id":"https:\/\/www.aeepower.com\/#\/schema\/logo\/image\/","url":"https:\/\/www.aeepower.com\/wp-content\/uploads\/Logo-AEE.webp","contentUrl":"https:\/\/www.aeepower.com\/wp-content\/uploads\/Logo-AEE.webp","width":182,"height":117,"caption":"AEE Power"},"image":{"@id":"https:\/\/www.aeepower.com\/#\/schema\/logo\/image\/"}}]}},"_links":{"self":[{"href":"https:\/\/www.aeepower.com\/es\/wp-json\/wp\/v2\/pages\/3","targetHints":{"allow":["GET"]}}],"collection":[{"href":"https:\/\/www.aeepower.com\/es\/wp-json\/wp\/v2\/pages"}],"about":[{"href":"https:\/\/www.aeepower.com\/es\/wp-json\/wp\/v2\/types\/page"}],"author":[{"embeddable":true,"href":"https:\/\/www.aeepower.com\/es\/wp-json\/wp\/v2\/users\/1"}],"replies":[{"embeddable":true,"href":"https:\/\/www.aeepower.com\/es\/wp-json\/wp\/v2\/comments?post=3"}],"version-history":[{"count":5,"href":"https:\/\/www.aeepower.com\/es\/wp-json\/wp\/v2\/pages\/3\/revisions"}],"predecessor-version":[{"id":1988,"href":"https:\/\/www.aeepower.com\/es\/wp-json\/wp\/v2\/pages\/3\/revisions\/1988"}],"wp:attachment":[{"href":"https:\/\/www.aeepower.com\/es\/wp-json\/wp\/v2\/media?parent=3"}],"curies":[{"name":"wp","href":"https:\/\/api.w.org\/{rel}","templated":true}]}}