{"id":1586,"date":"2025-02-06T16:30:58","date_gmt":"2025-02-06T15:30:58","guid":{"rendered":"https:\/\/www.aeepower.com\/avis-juridique\/"},"modified":"2025-02-10T11:43:31","modified_gmt":"2025-02-10T10:43:31","slug":"avis-juridique","status":"publish","type":"page","link":"https:\/\/www.aeepower.com\/fr\/avis-juridique\/","title":{"rendered":"Mentions L\u00e9gales"},"content":{"rendered":"\t\t<div data-elementor-type=\"wp-page\" data-elementor-id=\"1586\" class=\"elementor elementor-1586 elementor-136\" data-elementor-post-type=\"page\">\n\t\t\t\t\t\t<section class=\"elementor-section elementor-top-section elementor-element elementor-element-bf56533 elementor-section-height-min-height elementor-section-boxed elementor-section-height-default elementor-section-items-middle\" data-id=\"bf56533\" data-element_type=\"section\" data-e-type=\"section\" data-settings=\"{&quot;background_background&quot;:&quot;classic&quot;}\">\n\t\t\t\t\t\t<div class=\"elementor-container elementor-column-gap-default\">\n\t\t\t\t\t<div class=\"elementor-column elementor-col-100 elementor-top-column elementor-element elementor-element-10d19c9\" data-id=\"10d19c9\" data-element_type=\"column\" data-e-type=\"column\">\n\t\t\t<div class=\"elementor-widget-wrap elementor-element-populated\">\n\t\t\t\t\t\t<div class=\"elementor-element elementor-element-79b971a elementor-widget elementor-widget-heading\" data-id=\"79b971a\" data-element_type=\"widget\" data-e-type=\"widget\" data-widget_type=\"heading.default\">\n\t\t\t\t<div class=\"elementor-widget-container\">\n\t\t\t\t\t<div class=\"elementor-heading-title elementor-size-default\">AEE POWER<\/div>\t\t\t\t<\/div>\n\t\t\t\t<\/div>\n\t\t\t\t<div class=\"elementor-element elementor-element-3e90cd2 animated-slow elementor-invisible elementor-widget elementor-widget-heading\" data-id=\"3e90cd2\" data-element_type=\"widget\" data-e-type=\"widget\" data-settings=\"{&quot;_animation&quot;:&quot;zoomIn&quot;,&quot;_animation_tablet&quot;:&quot;none&quot;}\" data-widget_type=\"heading.default\">\n\t\t\t\t<div class=\"elementor-widget-container\">\n\t\t\t\t\t<h1 class=\"elementor-heading-title elementor-size-default\"><span style=\"color:#F3D03E\">Mentions <\/span> L\u00e9gales.<\/h1>\t\t\t\t<\/div>\n\t\t\t\t<\/div>\n\t\t\t\t\t<\/div>\n\t\t<\/div>\n\t\t\t\t\t<\/div>\n\t\t<\/section>\n\t\t\t\t<section class=\"elementor-section elementor-top-section elementor-element elementor-element-1082e53 elementor-section-boxed elementor-section-height-default elementor-section-height-default\" data-id=\"1082e53\" data-element_type=\"section\" data-e-type=\"section\">\n\t\t\t\t\t\t<div class=\"elementor-container elementor-column-gap-default\">\n\t\t\t\t\t<div class=\"elementor-column elementor-col-100 elementor-top-column elementor-element elementor-element-e8aeb6c\" data-id=\"e8aeb6c\" data-element_type=\"column\" data-e-type=\"column\">\n\t\t\t<div class=\"elementor-widget-wrap elementor-element-populated\">\n\t\t\t\t\t\t<div class=\"elementor-element elementor-element-fdbbf80 elementor-widget elementor-widget-text-editor\" data-id=\"fdbbf80\" data-element_type=\"widget\" data-e-type=\"widget\" data-widget_type=\"text-editor.default\">\n\t\t\t\t<div class=\"elementor-widget-container\">\n\t\t\t\t\t\t\t\t\t<p>Ces mentions l\u00e9gales (ci-apr\u00e8s, les \u201cMentions L\u00e9gales\u201d) r\u00e9gulent l\u2019utilisation du site web https:\/\/www.aeepower.com (ci-apr\u00e8s, le \u201csite web\u201d) de AEE Power EPC S.A.U. avec CIF (Code d\u2019Identification Fiscale espagnol) A84646256.<\/p><h2>L\u00c9GISLATION<\/h2><p>En g\u00e9n\u00e9ral, les relations entre AEE Power et les utilisateurs de ses services t\u00e9l\u00e9matiques, pr\u00e9sents sur le site web, sont soumises \u00e0 la l\u00e9gislation et \u00e0 la juridiction espagnoles.<\/p><h2>UTILISATION ET ACC\u00c8S DE L\u2019UTILISATEUR<\/h2><p>L\u2019Utilisateur est inform\u00e9 et accepte que l\u2019acc\u00e8s \u00e0 ce site web n\u2019implique en aucun cas une relation commerciale avec AEE Power ou l\u2019une de ses filiales.<\/p><h2>PROPRI\u00c9T\u00c9 INTELLECTUELLE ET INDUSTRIELLE<\/h2><p>Les droits de propri\u00e9t\u00e9 intellectuelle du contenu des pages web, leur conception graphique et leurs codes sont la propri\u00e9t\u00e9 de AEE Power et, par cons\u00e9quent, leur reproduction, distribution, communication publique, transformation ou toute autre activit\u00e9 pouvant \u00eatre r\u00e9alis\u00e9e avec le contenu de ses pages web est interdite, m\u00eame si les sources sont cit\u00e9es, sauf avec le consentement \u00e9crit de AEE Power.<\/p><h2>CONTENU WEB ET LIENS<\/h2><p>AEE Power se r\u00e9serve le droit de mettre \u00e0 jour, de modifier ou de supprimer les informations contenues dans ses pages web et peut m\u00eame limiter ou refuser l\u2019acc\u00e8s \u00e0 ces informations \u00e0 certains utilisateurs. AEE Power n\u2019assume aucune responsabilit\u00e9 pour les informations contenues dans les pages web de tiers auxquelles il est possible d\u2019acc\u00e9der par des liens ou des \u00ab\u00a0links\u00a0\u00bb depuis tout site web appartenant \u00e0 AEE Power. La pr\u00e9sence de liens ou de \u00ab\u00a0links\u00a0\u00bb sur les pages web de AEE Power a un but purement informatif et n\u2019implique en aucun cas une suggestion, invitation ou recommandation des m\u00eames<\/p>\t\t\t\t\t\t\t\t<\/div>\n\t\t\t\t<\/div>\n\t\t\t\t\t<\/div>\n\t\t<\/div>\n\t\t\t\t\t<\/div>\n\t\t<\/section>\n\t\t\t\t<\/div>\n\t\t","protected":false},"excerpt":{"rendered":"<p>AEE POWER Mentions L\u00e9gales. Ces mentions l\u00e9gales (ci-apr\u00e8s, les \u201cMentions L\u00e9gales\u201d) r\u00e9gulent l\u2019utilisation du site web https:\/\/www.aeepower.com (ci-apr\u00e8s, le \u201csite web\u201d) de AEE Power EPC S.A.U. avec CIF (Code d\u2019Identification Fiscale espagnol) A84646256. L\u00c9GISLATION En g\u00e9n\u00e9ral, les relations entre AEE Power et les utilisateurs de ses services t\u00e9l\u00e9matiques, pr\u00e9sents sur le site web, sont soumises &#8230; <a title=\"Mentions L\u00e9gales\" class=\"read-more\" href=\"https:\/\/www.aeepower.com\/fr\/avis-juridique\/\" aria-label=\"Read more about Mentions L\u00e9gales\">Read more<\/a><\/p>\n","protected":false},"author":1,"featured_media":0,"parent":0,"menu_order":0,"comment_status":"closed","ping_status":"closed","template":"elementor_header_footer","meta":{"footnotes":""},"class_list":["post-1586","page","type-page","status-publish"],"yoast_head":"<!-- This site is optimized with the Yoast SEO plugin v27.4 - https:\/\/yoast.com\/product\/yoast-seo-wordpress\/ -->\n<title>Mentions L\u00e9gales - AEE Power<\/title>\n<meta name=\"robots\" content=\"noindex, follow\" \/>\n<meta property=\"og:locale\" content=\"fr_FR\" \/>\n<meta property=\"og:type\" content=\"article\" \/>\n<meta property=\"og:title\" content=\"Mentions L\u00e9gales - AEE Power\" \/>\n<meta property=\"og:description\" content=\"AEE POWER Mentions L\u00e9gales. Ces mentions l\u00e9gales (ci-apr\u00e8s, les \u201cMentions L\u00e9gales\u201d) r\u00e9gulent l\u2019utilisation du site web https:\/\/www.aeepower.com (ci-apr\u00e8s, le \u201csite web\u201d) de AEE Power EPC S.A.U. avec CIF (Code d\u2019Identification Fiscale espagnol) A84646256. L\u00c9GISLATION En g\u00e9n\u00e9ral, les relations entre AEE Power et les utilisateurs de ses services t\u00e9l\u00e9matiques, pr\u00e9sents sur le site web, sont soumises ... Read more\" \/>\n<meta property=\"og:url\" content=\"https:\/\/www.aeepower.com\/fr\/avis-juridique\/\" \/>\n<meta property=\"og:site_name\" content=\"AEE Power\" \/>\n<meta property=\"article:modified_time\" content=\"2025-02-10T10:43:31+00:00\" \/>\n<meta property=\"og:image\" content=\"https:\/\/www.aeepower.com\/wp-content\/uploads\/Logo-AEE-396-300x120-gris.webp\" \/>\n\t<meta property=\"og:image:width\" content=\"300\" \/>\n\t<meta property=\"og:image:height\" content=\"120\" \/>\n\t<meta property=\"og:image:type\" content=\"image\/webp\" \/>\n<meta name=\"twitter:card\" content=\"summary_large_image\" \/>\n<meta name=\"twitter:label1\" content=\"Est. reading time\" \/>\n\t<meta name=\"twitter:data1\" content=\"2 minutes\" \/>\n<script type=\"application\/ld+json\" class=\"yoast-schema-graph\">{\"@context\":\"https:\\\/\\\/schema.org\",\"@graph\":[{\"@type\":\"WebPage\",\"@id\":\"https:\\\/\\\/www.aeepower.com\\\/fr\\\/avis-juridique\\\/\",\"url\":\"https:\\\/\\\/www.aeepower.com\\\/fr\\\/avis-juridique\\\/\",\"name\":\"Mentions L\u00e9gales - AEE Power\",\"isPartOf\":{\"@id\":\"https:\\\/\\\/www.aeepower.com\\\/#website\"},\"datePublished\":\"2025-02-06T15:30:58+00:00\",\"dateModified\":\"2025-02-10T10:43:31+00:00\",\"breadcrumb\":{\"@id\":\"https:\\\/\\\/www.aeepower.com\\\/fr\\\/avis-juridique\\\/#breadcrumb\"},\"inLanguage\":\"fr-FR\",\"potentialAction\":[{\"@type\":\"ReadAction\",\"target\":[\"https:\\\/\\\/www.aeepower.com\\\/fr\\\/avis-juridique\\\/\"]}]},{\"@type\":\"BreadcrumbList\",\"@id\":\"https:\\\/\\\/www.aeepower.com\\\/fr\\\/avis-juridique\\\/#breadcrumb\",\"itemListElement\":[{\"@type\":\"ListItem\",\"position\":1,\"name\":\"Portada\",\"item\":\"https:\\\/\\\/www.aeepower.com\\\/fr\\\/accueil\\\/\"},{\"@type\":\"ListItem\",\"position\":2,\"name\":\"Mentions L\u00e9gales\"}]},{\"@type\":\"WebSite\",\"@id\":\"https:\\\/\\\/www.aeepower.com\\\/#website\",\"url\":\"https:\\\/\\\/www.aeepower.com\\\/\",\"name\":\"AEE Power\",\"description\":\"AEE Power. The energy of Africa\",\"publisher\":{\"@id\":\"https:\\\/\\\/www.aeepower.com\\\/#organization\"},\"alternateName\":\"The energy of Africa\",\"potentialAction\":[{\"@type\":\"SearchAction\",\"target\":{\"@type\":\"EntryPoint\",\"urlTemplate\":\"https:\\\/\\\/www.aeepower.com\\\/?s={search_term_string}\"},\"query-input\":{\"@type\":\"PropertyValueSpecification\",\"valueRequired\":true,\"valueName\":\"search_term_string\"}}],\"inLanguage\":\"fr-FR\"},{\"@type\":\"Organization\",\"@id\":\"https:\\\/\\\/www.aeepower.com\\\/#organization\",\"name\":\"AEE Power\",\"alternateName\":\"The Energy of Africa\",\"url\":\"https:\\\/\\\/www.aeepower.com\\\/\",\"logo\":{\"@type\":\"ImageObject\",\"inLanguage\":\"fr-FR\",\"@id\":\"https:\\\/\\\/www.aeepower.com\\\/#\\\/schema\\\/logo\\\/image\\\/\",\"url\":\"https:\\\/\\\/www.aeepower.com\\\/wp-content\\\/uploads\\\/Logo-AEE.webp\",\"contentUrl\":\"https:\\\/\\\/www.aeepower.com\\\/wp-content\\\/uploads\\\/Logo-AEE.webp\",\"width\":182,\"height\":117,\"caption\":\"AEE Power\"},\"image\":{\"@id\":\"https:\\\/\\\/www.aeepower.com\\\/#\\\/schema\\\/logo\\\/image\\\/\"}}]}<\/script>\n<!-- \/ Yoast SEO plugin. -->","yoast_head_json":{"title":"Mentions L\u00e9gales - AEE Power","robots":{"index":"noindex","follow":"follow"},"og_locale":"fr_FR","og_type":"article","og_title":"Mentions L\u00e9gales - AEE Power","og_description":"AEE POWER Mentions L\u00e9gales. Ces mentions l\u00e9gales (ci-apr\u00e8s, les \u201cMentions L\u00e9gales\u201d) r\u00e9gulent l\u2019utilisation du site web https:\/\/www.aeepower.com (ci-apr\u00e8s, le \u201csite web\u201d) de AEE Power EPC S.A.U. avec CIF (Code d\u2019Identification Fiscale espagnol) A84646256. L\u00c9GISLATION En g\u00e9n\u00e9ral, les relations entre AEE Power et les utilisateurs de ses services t\u00e9l\u00e9matiques, pr\u00e9sents sur le site web, sont soumises ... Read more","og_url":"https:\/\/www.aeepower.com\/fr\/avis-juridique\/","og_site_name":"AEE Power","article_modified_time":"2025-02-10T10:43:31+00:00","og_image":[{"width":300,"height":120,"url":"https:\/\/www.aeepower.com\/wp-content\/uploads\/Logo-AEE-396-300x120-gris.webp","type":"image\/webp"}],"twitter_card":"summary_large_image","twitter_misc":{"Est. reading time":"2 minutes"},"schema":{"@context":"https:\/\/schema.org","@graph":[{"@type":"WebPage","@id":"https:\/\/www.aeepower.com\/fr\/avis-juridique\/","url":"https:\/\/www.aeepower.com\/fr\/avis-juridique\/","name":"Mentions L\u00e9gales - AEE Power","isPartOf":{"@id":"https:\/\/www.aeepower.com\/#website"},"datePublished":"2025-02-06T15:30:58+00:00","dateModified":"2025-02-10T10:43:31+00:00","breadcrumb":{"@id":"https:\/\/www.aeepower.com\/fr\/avis-juridique\/#breadcrumb"},"inLanguage":"fr-FR","potentialAction":[{"@type":"ReadAction","target":["https:\/\/www.aeepower.com\/fr\/avis-juridique\/"]}]},{"@type":"BreadcrumbList","@id":"https:\/\/www.aeepower.com\/fr\/avis-juridique\/#breadcrumb","itemListElement":[{"@type":"ListItem","position":1,"name":"Portada","item":"https:\/\/www.aeepower.com\/fr\/accueil\/"},{"@type":"ListItem","position":2,"name":"Mentions L\u00e9gales"}]},{"@type":"WebSite","@id":"https:\/\/www.aeepower.com\/#website","url":"https:\/\/www.aeepower.com\/","name":"AEE Power","description":"AEE Power. The energy of Africa","publisher":{"@id":"https:\/\/www.aeepower.com\/#organization"},"alternateName":"The energy of Africa","potentialAction":[{"@type":"SearchAction","target":{"@type":"EntryPoint","urlTemplate":"https:\/\/www.aeepower.com\/?s={search_term_string}"},"query-input":{"@type":"PropertyValueSpecification","valueRequired":true,"valueName":"search_term_string"}}],"inLanguage":"fr-FR"},{"@type":"Organization","@id":"https:\/\/www.aeepower.com\/#organization","name":"AEE Power","alternateName":"The Energy of Africa","url":"https:\/\/www.aeepower.com\/","logo":{"@type":"ImageObject","inLanguage":"fr-FR","@id":"https:\/\/www.aeepower.com\/#\/schema\/logo\/image\/","url":"https:\/\/www.aeepower.com\/wp-content\/uploads\/Logo-AEE.webp","contentUrl":"https:\/\/www.aeepower.com\/wp-content\/uploads\/Logo-AEE.webp","width":182,"height":117,"caption":"AEE Power"},"image":{"@id":"https:\/\/www.aeepower.com\/#\/schema\/logo\/image\/"}}]}},"_links":{"self":[{"href":"https:\/\/www.aeepower.com\/fr\/wp-json\/wp\/v2\/pages\/1586","targetHints":{"allow":["GET"]}}],"collection":[{"href":"https:\/\/www.aeepower.com\/fr\/wp-json\/wp\/v2\/pages"}],"about":[{"href":"https:\/\/www.aeepower.com\/fr\/wp-json\/wp\/v2\/types\/page"}],"author":[{"embeddable":true,"href":"https:\/\/www.aeepower.com\/fr\/wp-json\/wp\/v2\/users\/1"}],"replies":[{"embeddable":true,"href":"https:\/\/www.aeepower.com\/fr\/wp-json\/wp\/v2\/comments?post=1586"}],"version-history":[{"count":5,"href":"https:\/\/www.aeepower.com\/fr\/wp-json\/wp\/v2\/pages\/1586\/revisions"}],"predecessor-version":[{"id":1718,"href":"https:\/\/www.aeepower.com\/fr\/wp-json\/wp\/v2\/pages\/1586\/revisions\/1718"}],"wp:attachment":[{"href":"https:\/\/www.aeepower.com\/fr\/wp-json\/wp\/v2\/media?parent=1586"}],"curies":[{"name":"wp","href":"https:\/\/api.w.org\/{rel}","templated":true}]}}