{"id":1860,"date":"2025-02-10T13:02:37","date_gmt":"2025-02-10T12:02:37","guid":{"rendered":"https:\/\/www.aeepower.com\/politica-de-privacidade\/"},"modified":"2025-02-11T12:48:31","modified_gmt":"2025-02-11T11:48:31","slug":"politica-de-privacidade","status":"publish","type":"page","link":"https:\/\/www.aeepower.com\/pt-pt\/politica-de-privacidade\/","title":{"rendered":"Pol\u00edtica de Privacidade"},"content":{"rendered":"\t\t<div data-elementor-type=\"wp-page\" data-elementor-id=\"1860\" class=\"elementor elementor-1860 elementor-3\" data-elementor-post-type=\"page\">\n\t\t\t\t\t\t<section class=\"elementor-section elementor-top-section elementor-element elementor-element-8a9e765 elementor-section-height-min-height elementor-section-boxed elementor-section-height-default elementor-section-items-middle\" data-id=\"8a9e765\" data-element_type=\"section\" data-e-type=\"section\" data-settings=\"{&quot;background_background&quot;:&quot;classic&quot;}\">\n\t\t\t\t\t\t<div class=\"elementor-container elementor-column-gap-default\">\n\t\t\t\t\t<div class=\"elementor-column elementor-col-100 elementor-top-column elementor-element elementor-element-5b03bfc\" data-id=\"5b03bfc\" data-element_type=\"column\" data-e-type=\"column\">\n\t\t\t<div class=\"elementor-widget-wrap elementor-element-populated\">\n\t\t\t\t\t\t<div class=\"elementor-element elementor-element-8e78dab elementor-widget elementor-widget-heading\" data-id=\"8e78dab\" data-element_type=\"widget\" data-e-type=\"widget\" data-widget_type=\"heading.default\">\n\t\t\t\t<div class=\"elementor-widget-container\">\n\t\t\t\t\t<div class=\"elementor-heading-title elementor-size-default\">AEE POWER<\/div>\t\t\t\t<\/div>\n\t\t\t\t<\/div>\n\t\t\t\t<div class=\"elementor-element elementor-element-73703f5 animated-slow elementor-invisible elementor-widget elementor-widget-heading\" data-id=\"73703f5\" data-element_type=\"widget\" data-e-type=\"widget\" data-settings=\"{&quot;_animation&quot;:&quot;zoomIn&quot;,&quot;_animation_tablet&quot;:&quot;none&quot;}\" data-widget_type=\"heading.default\">\n\t\t\t\t<div class=\"elementor-widget-container\">\n\t\t\t\t\t<h1 class=\"elementor-heading-title elementor-size-default\"><span style=\"color:#F3D03E\">Pol\u00edtica <\/span>de Privacidade.<\/h1>\t\t\t\t<\/div>\n\t\t\t\t<\/div>\n\t\t\t\t\t<\/div>\n\t\t<\/div>\n\t\t\t\t\t<\/div>\n\t\t<\/section>\n\t\t\t\t<section class=\"elementor-section elementor-top-section elementor-element elementor-element-4b170227 elementor-section-boxed elementor-section-height-default elementor-section-height-default\" data-id=\"4b170227\" data-element_type=\"section\" data-e-type=\"section\">\n\t\t\t\t\t\t<div class=\"elementor-container elementor-column-gap-default\">\n\t\t\t\t\t<div class=\"elementor-column elementor-col-100 elementor-top-column elementor-element elementor-element-4fc3b0c0\" data-id=\"4fc3b0c0\" data-element_type=\"column\" data-e-type=\"column\">\n\t\t\t<div class=\"elementor-widget-wrap elementor-element-populated\">\n\t\t\t\t\t\t<div class=\"elementor-element elementor-element-4f85906c elementor-widget elementor-widget-text-editor\" data-id=\"4f85906c\" data-element_type=\"widget\" data-e-type=\"widget\" data-widget_type=\"text-editor.default\">\n\t\t\t\t<div class=\"elementor-widget-container\">\n\t\t\t\t\t\t\t\t\t<h3>Respons\u00e1vel pelo tratamento:<\/h3>\n<p>AEE Power EPC S.A.U.<br><span style=\"color: var( --e-global-color-text );\">A84646256<br><\/span>Avenida del Parten\u00f3n 16-18, 28042 de Madrid<br><a href=\"mailto:aeepower@aeepower.com\">aeepower@aeepower.com<\/a><br><span style=\"color: var( --e-global-color-text );\">917708777<\/span><\/p>\n<p>Em virtude do Regulamento UE 2016\/679 e da Lei Org\u00e2nica 3\/2018 de 5 de dezembro, compromete-se a proteger a sua privacidade e informa\u00e7\u00f5es pessoais, proporcionado uma liga\u00e7\u00e3o segura ao utilizador para evitar altera\u00e7\u00f5es e acessos n\u00e3o autorizados \u00e0s suas informa\u00e7\u00f5es pessoais.<\/p>\n<h3>Tipo de informa\u00e7\u00f5es que reunimos:<\/h3>\n<ul>\n<li>Dados identificativos<\/li>\n<li>Dados acad\u00e9micos e profissionais<\/li>\n<li>Dados de detalhe de emprego<\/li>\n<li>Dados de caracter\u00edsticas pessoais<\/li>\n<\/ul>\n<p>Estas informa\u00e7\u00f5es s\u00e3o necess\u00e1rias para as finalidades descritas na sec\u00e7\u00e3o seguintes, caso contr\u00e1rio n\u00e3o poderemos inform\u00e1-lo, nem processar os seus pedidos.<\/p>\n<h3>Finalidade e utiliza\u00e7\u00e3o<\/h3>\n<p>As informa\u00e7\u00f5es reunidas na p\u00e1gina Web ser\u00e3o utilizadas unicamente para as seguintes finalidades:<\/p>\n<ul>\n<li>Atender o seu pedido de informa\u00e7\u00f5es e de entrar em contacto connosco<\/li>\n<li>Atender e processar o seu Curriculum Vitae.<\/li>\n<\/ul>\n<h3>Como reunimos as informa\u00e7\u00f5es:<\/h3>\n<p>AEE Power obt\u00e9m os seus dados atrav\u00e9s deste site, desde que forne\u00e7a a informa\u00e7\u00e3o.<\/p>\n<h3>Transfer\u00eancias Internacionais<\/h3>\n<p>A AEE Power n\u00e3o ir\u00e1 transferir as suas informa\u00e7\u00f5es pessoais a pa\u00edses terceiros sem o seu consentimento pr\u00e9vio expresso, nem sem as garantias adequadas.<\/p>\n<h3>Prazo de conserva\u00e7\u00e3o das informa\u00e7\u00f5es pessoais<\/h3>\n<p>Informamos tamb\u00e9m que a AEE Power conservar\u00e1 as suas informa\u00e7\u00f5es pessoais durante o prazo de dura\u00e7\u00e3o do servi\u00e7o de informa\u00e7\u00f5es e o prazo de dura\u00e7\u00e3o do processo de sele\u00e7\u00e3o, ou o prazo que nos seja exigido pelas obriga\u00e7\u00f5es legais que possam afetar o tratamento de dados, podendo exercer o seu direito de acesso, retifica\u00e7\u00e3o, cancelamento e limita\u00e7\u00e3o do seu tratamento, assim como opor-se ao mesmo enviando um pedido por escrito para Avenida del Parten\u00f3n 16-18, 28042 de Madrid ou para&nbsp;<a href=\"mailto:aeepower@aeepower.com\">aeepower@aeepower.com<\/a><\/p>\n<h3>Portabilidade dos dados<\/h3>\n<p>Informamos que utilizamos servi\u00e7os de cloud computing.<\/p>\n<h3>Reclama\u00e7\u00e3o perante a autoridade de controlo<\/h3>\n<p>Informamos que tem direito a apresentar uma den\u00fancia ou reclama\u00e7\u00e3o se considerar que os seus dados est\u00e3o a ser utilizados de forma incorreta perante a Autoridade de Controlo que \u00e9 a Agencia Espa\u00f1ola de Protecci\u00f3n de Datos, que se encontra localizada em C\/ Jorge Juan n\u00ba 6, 28001 de Madrid.<\/p>\n<h3>Acompanhamento de comportamento e sinais de n\u00e3o monitoriza\u00e7\u00e3o<\/h3>\n<p>A AEE Power utiliza tecnologias de recolha de dados para obter informa\u00e7\u00f5es sobre a sua navega\u00e7\u00e3o. Para saber mais, consulte a nossa Pol\u00edtica de cookies.<\/p>\n<h3>Privacidade dos menores<\/h3>\n<p>A AEE Power tem um cuidado especial em proteger a privacidade dos menores. As nossas p\u00e1ginas Web s\u00e3o p\u00e1ginas para o p\u00fablico em geral. N\u00e3o permitimos o registo de menores de 16 anos, nem armazenamos informa\u00e7\u00f5es pessoais dos utilizadores que sejam menores de 16 anos.<\/p>\t\t\t\t\t\t\t\t<\/div>\n\t\t\t\t<\/div>\n\t\t\t\t\t<\/div>\n\t\t<\/div>\n\t\t\t\t\t<\/div>\n\t\t<\/section>\n\t\t\t\t<\/div>\n\t\t","protected":false},"excerpt":{"rendered":"<p>AEE POWER Pol\u00edtica de Privacidade. Respons\u00e1vel pelo tratamento: AEE Power EPC S.A.U.A84646256Avenida del Parten\u00f3n 16-18, 28042 de Madridaeepower@aeepower.com917708777 Em virtude do Regulamento UE 2016\/679 e da Lei Org\u00e2nica 3\/2018 de 5 de dezembro, compromete-se a proteger a sua privacidade e informa\u00e7\u00f5es pessoais, proporcionado uma liga\u00e7\u00e3o segura ao utilizador para evitar altera\u00e7\u00f5es e acessos n\u00e3o autorizados &#8230; <a title=\"Pol\u00edtica de Privacidade\" class=\"read-more\" href=\"https:\/\/www.aeepower.com\/pt-pt\/politica-de-privacidade\/\" aria-label=\"Read more about Pol\u00edtica de Privacidade\">Read more<\/a><\/p>\n","protected":false},"author":1,"featured_media":0,"parent":0,"menu_order":0,"comment_status":"closed","ping_status":"closed","template":"elementor_header_footer","meta":{"footnotes":""},"class_list":["post-1860","page","type-page","status-publish"],"yoast_head":"<!-- This site is optimized with the Yoast SEO plugin v27.4 - https:\/\/yoast.com\/product\/yoast-seo-wordpress\/ -->\n<title>Pol\u00edtica de Privacidade - AEE Power<\/title>\n<meta name=\"robots\" content=\"noindex, follow\" \/>\n<meta property=\"og:locale\" content=\"pt_PT\" \/>\n<meta property=\"og:type\" content=\"article\" \/>\n<meta property=\"og:title\" content=\"Pol\u00edtica de Privacidade - AEE Power\" \/>\n<meta property=\"og:description\" content=\"AEE POWER Pol\u00edtica de Privacidade. Respons\u00e1vel pelo tratamento: AEE Power EPC S.A.U.A84646256Avenida del Parten\u00f3n 16-18, 28042 de Madridaeepower@aeepower.com917708777 Em virtude do Regulamento UE 2016\/679 e da Lei Org\u00e2nica 3\/2018 de 5 de dezembro, compromete-se a proteger a sua privacidade e informa\u00e7\u00f5es pessoais, proporcionado uma liga\u00e7\u00e3o segura ao utilizador para evitar altera\u00e7\u00f5es e acessos n\u00e3o autorizados ... Read more\" \/>\n<meta property=\"og:url\" content=\"https:\/\/www.aeepower.com\/pt-pt\/politica-de-privacidade\/\" \/>\n<meta property=\"og:site_name\" content=\"AEE Power\" \/>\n<meta property=\"article:modified_time\" content=\"2025-02-11T11:48:31+00:00\" \/>\n<meta property=\"og:image\" content=\"https:\/\/www.aeepower.com\/wp-content\/uploads\/Logo-AEE-396-300x120-gris.webp\" \/>\n\t<meta property=\"og:image:width\" content=\"300\" \/>\n\t<meta property=\"og:image:height\" content=\"120\" \/>\n\t<meta property=\"og:image:type\" content=\"image\/webp\" \/>\n<meta name=\"twitter:card\" content=\"summary_large_image\" \/>\n<meta name=\"twitter:label1\" content=\"Est. reading time\" \/>\n\t<meta name=\"twitter:data1\" content=\"3 minutes\" \/>\n<script type=\"application\/ld+json\" class=\"yoast-schema-graph\">{\"@context\":\"https:\\\/\\\/schema.org\",\"@graph\":[{\"@type\":\"WebPage\",\"@id\":\"https:\\\/\\\/www.aeepower.com\\\/pt-pt\\\/politica-de-privacidade\\\/\",\"url\":\"https:\\\/\\\/www.aeepower.com\\\/pt-pt\\\/politica-de-privacidade\\\/\",\"name\":\"Pol\u00edtica de Privacidade - AEE Power\",\"isPartOf\":{\"@id\":\"https:\\\/\\\/www.aeepower.com\\\/#website\"},\"datePublished\":\"2025-02-10T12:02:37+00:00\",\"dateModified\":\"2025-02-11T11:48:31+00:00\",\"breadcrumb\":{\"@id\":\"https:\\\/\\\/www.aeepower.com\\\/pt-pt\\\/politica-de-privacidade\\\/#breadcrumb\"},\"inLanguage\":\"pt-PT\",\"potentialAction\":[{\"@type\":\"ReadAction\",\"target\":[\"https:\\\/\\\/www.aeepower.com\\\/pt-pt\\\/politica-de-privacidade\\\/\"]}]},{\"@type\":\"BreadcrumbList\",\"@id\":\"https:\\\/\\\/www.aeepower.com\\\/pt-pt\\\/politica-de-privacidade\\\/#breadcrumb\",\"itemListElement\":[{\"@type\":\"ListItem\",\"position\":1,\"name\":\"Portada\",\"item\":\"https:\\\/\\\/www.aeepower.com\\\/pt-pt\\\/inicio\\\/\"},{\"@type\":\"ListItem\",\"position\":2,\"name\":\"Pol\u00edtica de Privacidade\"}]},{\"@type\":\"WebSite\",\"@id\":\"https:\\\/\\\/www.aeepower.com\\\/#website\",\"url\":\"https:\\\/\\\/www.aeepower.com\\\/\",\"name\":\"AEE Power\",\"description\":\"AEE Power. The energy of Africa\",\"publisher\":{\"@id\":\"https:\\\/\\\/www.aeepower.com\\\/#organization\"},\"alternateName\":\"The energy of Africa\",\"potentialAction\":[{\"@type\":\"SearchAction\",\"target\":{\"@type\":\"EntryPoint\",\"urlTemplate\":\"https:\\\/\\\/www.aeepower.com\\\/?s={search_term_string}\"},\"query-input\":{\"@type\":\"PropertyValueSpecification\",\"valueRequired\":true,\"valueName\":\"search_term_string\"}}],\"inLanguage\":\"pt-PT\"},{\"@type\":\"Organization\",\"@id\":\"https:\\\/\\\/www.aeepower.com\\\/#organization\",\"name\":\"AEE Power\",\"alternateName\":\"The Energy of Africa\",\"url\":\"https:\\\/\\\/www.aeepower.com\\\/\",\"logo\":{\"@type\":\"ImageObject\",\"inLanguage\":\"pt-PT\",\"@id\":\"https:\\\/\\\/www.aeepower.com\\\/#\\\/schema\\\/logo\\\/image\\\/\",\"url\":\"https:\\\/\\\/www.aeepower.com\\\/wp-content\\\/uploads\\\/Logo-AEE.webp\",\"contentUrl\":\"https:\\\/\\\/www.aeepower.com\\\/wp-content\\\/uploads\\\/Logo-AEE.webp\",\"width\":182,\"height\":117,\"caption\":\"AEE Power\"},\"image\":{\"@id\":\"https:\\\/\\\/www.aeepower.com\\\/#\\\/schema\\\/logo\\\/image\\\/\"}}]}<\/script>\n<!-- \/ Yoast SEO plugin. -->","yoast_head_json":{"title":"Pol\u00edtica de Privacidade - AEE Power","robots":{"index":"noindex","follow":"follow"},"og_locale":"pt_PT","og_type":"article","og_title":"Pol\u00edtica de Privacidade - AEE Power","og_description":"AEE POWER Pol\u00edtica de Privacidade. Respons\u00e1vel pelo tratamento: AEE Power EPC S.A.U.A84646256Avenida del Parten\u00f3n 16-18, 28042 de Madridaeepower@aeepower.com917708777 Em virtude do Regulamento UE 2016\/679 e da Lei Org\u00e2nica 3\/2018 de 5 de dezembro, compromete-se a proteger a sua privacidade e informa\u00e7\u00f5es pessoais, proporcionado uma liga\u00e7\u00e3o segura ao utilizador para evitar altera\u00e7\u00f5es e acessos n\u00e3o autorizados ... Read more","og_url":"https:\/\/www.aeepower.com\/pt-pt\/politica-de-privacidade\/","og_site_name":"AEE Power","article_modified_time":"2025-02-11T11:48:31+00:00","og_image":[{"width":300,"height":120,"url":"https:\/\/www.aeepower.com\/wp-content\/uploads\/Logo-AEE-396-300x120-gris.webp","type":"image\/webp"}],"twitter_card":"summary_large_image","twitter_misc":{"Est. reading time":"3 minutes"},"schema":{"@context":"https:\/\/schema.org","@graph":[{"@type":"WebPage","@id":"https:\/\/www.aeepower.com\/pt-pt\/politica-de-privacidade\/","url":"https:\/\/www.aeepower.com\/pt-pt\/politica-de-privacidade\/","name":"Pol\u00edtica de Privacidade - AEE Power","isPartOf":{"@id":"https:\/\/www.aeepower.com\/#website"},"datePublished":"2025-02-10T12:02:37+00:00","dateModified":"2025-02-11T11:48:31+00:00","breadcrumb":{"@id":"https:\/\/www.aeepower.com\/pt-pt\/politica-de-privacidade\/#breadcrumb"},"inLanguage":"pt-PT","potentialAction":[{"@type":"ReadAction","target":["https:\/\/www.aeepower.com\/pt-pt\/politica-de-privacidade\/"]}]},{"@type":"BreadcrumbList","@id":"https:\/\/www.aeepower.com\/pt-pt\/politica-de-privacidade\/#breadcrumb","itemListElement":[{"@type":"ListItem","position":1,"name":"Portada","item":"https:\/\/www.aeepower.com\/pt-pt\/inicio\/"},{"@type":"ListItem","position":2,"name":"Pol\u00edtica de Privacidade"}]},{"@type":"WebSite","@id":"https:\/\/www.aeepower.com\/#website","url":"https:\/\/www.aeepower.com\/","name":"AEE Power","description":"AEE Power. The energy of Africa","publisher":{"@id":"https:\/\/www.aeepower.com\/#organization"},"alternateName":"The energy of Africa","potentialAction":[{"@type":"SearchAction","target":{"@type":"EntryPoint","urlTemplate":"https:\/\/www.aeepower.com\/?s={search_term_string}"},"query-input":{"@type":"PropertyValueSpecification","valueRequired":true,"valueName":"search_term_string"}}],"inLanguage":"pt-PT"},{"@type":"Organization","@id":"https:\/\/www.aeepower.com\/#organization","name":"AEE Power","alternateName":"The Energy of Africa","url":"https:\/\/www.aeepower.com\/","logo":{"@type":"ImageObject","inLanguage":"pt-PT","@id":"https:\/\/www.aeepower.com\/#\/schema\/logo\/image\/","url":"https:\/\/www.aeepower.com\/wp-content\/uploads\/Logo-AEE.webp","contentUrl":"https:\/\/www.aeepower.com\/wp-content\/uploads\/Logo-AEE.webp","width":182,"height":117,"caption":"AEE Power"},"image":{"@id":"https:\/\/www.aeepower.com\/#\/schema\/logo\/image\/"}}]}},"_links":{"self":[{"href":"https:\/\/www.aeepower.com\/pt-pt\/wp-json\/wp\/v2\/pages\/1860","targetHints":{"allow":["GET"]}}],"collection":[{"href":"https:\/\/www.aeepower.com\/pt-pt\/wp-json\/wp\/v2\/pages"}],"about":[{"href":"https:\/\/www.aeepower.com\/pt-pt\/wp-json\/wp\/v2\/types\/page"}],"author":[{"embeddable":true,"href":"https:\/\/www.aeepower.com\/pt-pt\/wp-json\/wp\/v2\/users\/1"}],"replies":[{"embeddable":true,"href":"https:\/\/www.aeepower.com\/pt-pt\/wp-json\/wp\/v2\/comments?post=1860"}],"version-history":[{"count":5,"href":"https:\/\/www.aeepower.com\/pt-pt\/wp-json\/wp\/v2\/pages\/1860\/revisions"}],"predecessor-version":[{"id":1982,"href":"https:\/\/www.aeepower.com\/pt-pt\/wp-json\/wp\/v2\/pages\/1860\/revisions\/1982"}],"wp:attachment":[{"href":"https:\/\/www.aeepower.com\/pt-pt\/wp-json\/wp\/v2\/media?parent=1860"}],"curies":[{"name":"wp","href":"https:\/\/api.w.org\/{rel}","templated":true}]}}