{"id":1871,"date":"2025-02-10T13:11:36","date_gmt":"2025-02-10T12:11:36","guid":{"rendered":"https:\/\/www.aeepower.com\/politica-de-cookies\/"},"modified":"2025-02-11T12:38:00","modified_gmt":"2025-02-11T11:38:00","slug":"politica-de-cookies","status":"publish","type":"page","link":"https:\/\/www.aeepower.com\/pt-pt\/politica-de-cookies\/","title":{"rendered":"POL\u00cdTICA DE COOKIES"},"content":{"rendered":"\t\t<div data-elementor-type=\"wp-page\" data-elementor-id=\"1871\" class=\"elementor elementor-1871 elementor-133\" data-elementor-post-type=\"page\">\n\t\t\t\t\t\t<section class=\"elementor-section elementor-top-section elementor-element elementor-element-da27f32 elementor-section-height-min-height elementor-section-boxed elementor-section-height-default elementor-section-items-middle\" data-id=\"da27f32\" data-element_type=\"section\" data-e-type=\"section\" data-settings=\"{&quot;background_background&quot;:&quot;classic&quot;}\">\n\t\t\t\t\t\t<div class=\"elementor-container elementor-column-gap-default\">\n\t\t\t\t\t<div class=\"elementor-column elementor-col-100 elementor-top-column elementor-element elementor-element-0be3c5c\" data-id=\"0be3c5c\" data-element_type=\"column\" data-e-type=\"column\">\n\t\t\t<div class=\"elementor-widget-wrap elementor-element-populated\">\n\t\t\t\t\t\t<div class=\"elementor-element elementor-element-1ac58d9 elementor-widget elementor-widget-heading\" data-id=\"1ac58d9\" data-element_type=\"widget\" data-e-type=\"widget\" data-widget_type=\"heading.default\">\n\t\t\t\t<div class=\"elementor-widget-container\">\n\t\t\t\t\t<div class=\"elementor-heading-title elementor-size-default\">AEE POWER<\/div>\t\t\t\t<\/div>\n\t\t\t\t<\/div>\n\t\t\t\t<div class=\"elementor-element elementor-element-0faf4d2 animated-slow elementor-invisible elementor-widget elementor-widget-heading\" data-id=\"0faf4d2\" data-element_type=\"widget\" data-e-type=\"widget\" data-settings=\"{&quot;_animation&quot;:&quot;zoomIn&quot;,&quot;_animation_tablet&quot;:&quot;none&quot;}\" data-widget_type=\"heading.default\">\n\t\t\t\t<div class=\"elementor-widget-container\">\n\t\t\t\t\t<h1 class=\"elementor-heading-title elementor-size-default\">POL\u00cdTICA DE <span style=\"color:#F3D03E\">COOKIES<\/span>.<\/h1>\t\t\t\t<\/div>\n\t\t\t\t<\/div>\n\t\t\t\t\t<\/div>\n\t\t<\/div>\n\t\t\t\t\t<\/div>\n\t\t<\/section>\n\t\t\t\t<section class=\"elementor-section elementor-top-section elementor-element elementor-element-cedc5a8 elementor-section-boxed elementor-section-height-default elementor-section-height-default\" data-id=\"cedc5a8\" data-element_type=\"section\" data-e-type=\"section\">\n\t\t\t\t\t\t<div class=\"elementor-container elementor-column-gap-default\">\n\t\t\t\t\t<div class=\"elementor-column elementor-col-100 elementor-top-column elementor-element elementor-element-df10678\" data-id=\"df10678\" data-element_type=\"column\" data-e-type=\"column\">\n\t\t\t<div class=\"elementor-widget-wrap elementor-element-populated\">\n\t\t\t\t\t\t<div class=\"elementor-element elementor-element-40626ca elementor-widget elementor-widget-text-editor\" data-id=\"40626ca\" data-element_type=\"widget\" data-e-type=\"widget\" data-widget_type=\"text-editor.default\">\n\t\t\t\t<div class=\"elementor-widget-container\">\n\t\t\t\t\t\t\t\t\t<h2><strong>INFORMA\u00c7\u00c3O SOBRE OS COOKIES<\/strong><\/h2>\n<p>Os cookies e outras tecnologias semelhantes, como objetos partilhados locais, cookies flash ou p\u00edxeis, s\u00e3o ferramentas utilizadas pelos servidores web para armazenar e recuperar informa\u00e7\u00e3o sobre os seus visitantes, bem como para garantir o correto funcionamento do site.<\/p>\n<p>Atrav\u00e9s destes dispositivos, o servidor web pode lembrar certos dados sobre o utilizador, como as suas prefer\u00eancias de visualiza\u00e7\u00e3o das p\u00e1ginas nesse servidor, o seu nome e palavra-passe, os produtos que mais lhe interessam, etc.<\/p>\n<h2><strong>COOKIES ABRANGIDOS PELA REGULAMENTA\u00c7\u00c3O E COOKIES ISENTOS<\/strong><\/h2>\n<p>De acordo com a &#8220;Lei dos Servi\u00e7os da Sociedade da Informa\u00e7\u00e3o&#8221; (LSSI), estabelecida pelo Real Decreto 13\/2012, \u00e9 obrigat\u00f3rio obter o consentimento expresso do utilizador em todos os sites que utilizem cookies n\u00e3o essenciais antes que o utilizador navegue pelos mesmos.<\/p>\n<p>Segundo a diretiva da UE, os cookies que requerem o consentimento informado do utilizador s\u00e3o os cookies anal\u00edticos, publicit\u00e1rios e de afiliados, com exce\u00e7\u00e3o dos cookies t\u00e9cnicos e dos necess\u00e1rios para o funcionamento do site ou para a presta\u00e7\u00e3o de servi\u00e7os expressamente solicitados pelo utilizador.<\/p>\n<h2>TIPOS DE COOKIES<\/h2>\n<p><strong>SEGUNDO A SUA FINALIDADE<\/strong><\/p>\n<ul>\n<li><strong>Cookies t\u00e9cnicos e funcionais<\/strong>: permitem ao utilizador navegar num site, plataforma ou aplica\u00e7\u00e3o e utilizar as diferentes op\u00e7\u00f5es ou servi\u00e7os existentes.<\/li>\n<li><strong>Cookies anal\u00edticos:<\/strong> permitem ao respons\u00e1vel pelos mesmos analisar o comportamento dos utilizadores dos sites aos quais est\u00e3o vinculados. A informa\u00e7\u00e3o recolhida \u00e9 usada para medir a atividade do site, aplica\u00e7\u00e3o ou plataforma e elaborar perfis de navega\u00e7\u00e3o para introduzir melhorias baseadas na an\u00e1lise do uso dos servi\u00e7os.<\/li>\n<li><strong>Cookies publicit\u00e1rios:<\/strong> permitem a gest\u00e3o eficiente dos espa\u00e7os publicit\u00e1rios inclu\u00eddos numa p\u00e1gina web, aplica\u00e7\u00e3o ou plataforma a partir da qual se presta o servi\u00e7o solicitado, com base em crit\u00e9rios como o conte\u00fado editado ou a frequ\u00eancia com que os an\u00fancios s\u00e3o exibidos.<\/li>\n<li><strong>Cookies de publicidade comportamental:<\/strong> recolhem informa\u00e7\u00e3o sobre as prefer\u00eancias pessoais e escolhas do utilizador (retargeting) para gerir da forma mais eficiente poss\u00edvel os espa\u00e7os publicit\u00e1rios inclu\u00eddos num site, aplica\u00e7\u00e3o ou plataforma.<\/li>\n<\/ul>\n<p><strong>SEGUNDO A SUA PROPRIEDADE<\/strong><\/p>\n<ul>\n<li><strong>Cookies pr\u00f3prios<\/strong>: enviados para o dispositivo do utilizador a partir de um dom\u00ednio gerido pelo pr\u00f3prio editor do site, a partir do qual se presta o servi\u00e7o solicitado pelo utilizador.<\/li>\n<li><strong>Cookies de terceiros<\/strong>: enviados para o dispositivo do utilizador a partir de um dom\u00ednio n\u00e3o gerido pelo editor, mas por outra entidade que trata os dados obtidos atrav\u00e9s dos cookies.<\/li>\n<\/ul>\n<p><strong>SEGUNDO A SUA DURA\u00c7\u00c3O<\/strong><\/p>\n<ul>\n<li><strong>Cookies de sess\u00e3o<\/strong>: concebidos para recolher e armazenar dados enquanto o utilizador acede a um site.<\/li>\n<li><strong>Cookies persistentes<\/strong>: os dados permanecem armazenados no dispositivo e podem ser acedidos e tratados pelo respons\u00e1vel pelo cookie durante um per\u00edodo definido, que pode variar entre alguns minutos e v\u00e1rios anos.<\/li>\n<\/ul>\n<h2><strong>TRATAMENTO DE DADOS PESSOAIS<\/strong><\/h2>\n<p>AEE Power EPC, S.A.U. \u00e9 o respons\u00e1vel pelo tratamento dos dados pessoais do utilizador e informa que tais dados ser\u00e3o tratados de acordo com o disposto no Regulamento (UE) 2016\/679 de 27 de abril de 2016 (RGPD), proporcionando a seguinte informa\u00e7\u00e3o sobre o tratamento:<\/p>\n<ul>\n<li>Finalidade do tratamento: conforme especificado na sec\u00e7\u00e3o sobre cookies utilizados neste site.<\/li>\n<li>Base legal do tratamento: consentimento do interessado (Art. 6.1 RGPD).<\/li>\n<li>Crit\u00e9rios de conserva\u00e7\u00e3o dos dados: conforme especificado na sec\u00e7\u00e3o de cookies utilizados no site.<\/li>\n<li>Ced\u00eancia de dados: os dados n\u00e3o ser\u00e3o cedidos a terceiros, salvo no caso de cookies de terceiros ou por obriga\u00e7\u00e3o legal.<\/li>\n<\/ul>\n<p><strong>Direitos do utilizador:<\/strong><\/p>\n<ul>\n<li>Direito de retirar o consentimento em qualquer momento.<\/li>\n<li>Direito de acesso, retifica\u00e7\u00e3o, portabilidade e elimina\u00e7\u00e3o dos seus dados, assim como a limita\u00e7\u00e3o ou oposi\u00e7\u00e3o ao seu tratamento.<\/li>\n<li>Direito de apresentar uma reclama\u00e7\u00e3o junto da Autoridade de Controlo (<a href=\"http:\/\/www.aepd.es\">www.aepd.es<\/a>) se considerar que o tratamento n\u00e3o cumpre com a regulamenta\u00e7\u00e3o vigente.<\/li>\n<\/ul>\n<h2>Dados de contacto para exercer os seus direitos:<\/h2>\n<p>AEE Power EPC S.A.U., Avenida del Parten\u00f3n 16-18, 28042 Madrid, Espanha. Correio eletr\u00f3nico: <a href=\"mailto:aeepower@aeepower.com\">aeepower@aeepower.com<\/a><\/p>\n<h2>COOKIES UTILIZADOS NESTE SITE<\/h2>\n<p><strong>PAINEL DE CONFIGURA\u00c7\u00c3O<\/strong><\/p>\n<p>Para visualizar e gerir os cookies anal\u00edticos e de publicidade comportamental, consulte as op\u00e7\u00f5es de configura\u00e7\u00e3o do navegador.<\/p>\n<h4><strong>COOKIES ANAL\u00cdTICOS<\/strong><\/h4>\n<p>() Marque ou desmarque dependendo se deseja aceitar ou recusar a instala\u00e7\u00e3o desses cookies.<\/p>\n<table>\n<thead>\n<tr>\n<th>NOME<\/th>\n<th>TIPO<\/th>\n<th>PROPRIEDADE<\/th>\n<th>FINALIDADE<\/th>\n<th>DURA\u00c7\u00c3O<\/th>\n<th>OBSERVA\u00c7\u00d5ES<\/th>\n<\/tr>\n<\/thead>\n<tbody>\n<tr>\n<td>_ga<\/td>\n<td>Anal\u00edtica<\/td>\n<td>Google Analytics<\/td>\n<td>Ativa a fun\u00e7\u00e3o de controle de visitas \u00fanicas. Quando um usu\u00e1rio acessa o site pela primeira vez atrav\u00e9s de um navegador, este cookie \u00e9 instalado. Se o usu\u00e1rio acessar novamente com o mesmo navegador, ser\u00e1 considerado o mesmo usu\u00e1rio. Somente se mudar de navegador, ser\u00e1 considerado um novo usu\u00e1rio.<\/td>\n<td>2 anos<\/td>\n<td>Persistente<\/td>\n<\/tr>\n<tr>\n<td>_gat<\/td>\n<td>Anal\u00edtica<\/td>\n<td>Google Analytics<\/td>\n<td>Usado para limitar a velocidade das solicita\u00e7\u00f5es, reduzindo a coleta de dados em sites com alto tr\u00e1fego.<\/td>\n<td>10 minutos<\/td>\n<td>De sess\u00e3o<\/td>\n<\/tr>\n<tr>\n<td>_gid<\/td>\n<td>Anal\u00edtica<\/td>\n<td>Google Analytics<\/td>\n<td>Usado para distinguir entre usu\u00e1rios.<\/td>\n<td>24 horas<\/td>\n<td>De sess\u00e3o<\/td>\n<\/tr>\n<\/tbody>\n<\/table>\n<p>Saiba mais sobre como desativar os cookies do Google Analytics:<\/p>\n<p><a href=\"https:\/\/policies.google.com\/technologies\/cookies#managing-cookies\">\u2022 Pol\u00edtica de Privacidade do Google<\/a><br><a href=\"https:\/\/support.google.com\/analytics\/answer\/181881?hl=en\">\u2022 Exclus\u00e3o do Google Analytics<\/a><\/p>\n<p><strong>COOKIES T\u00c9CNICOS E FUNCIONAIS<\/strong><\/p>\n<p>() Marque ou desmarque dependendo se deseja aceitar ou recusar a instala\u00e7\u00e3o desses cookies.<\/p>\n<table dir=\"ltr\" border=\"1\" cellspacing=\"0\" cellpadding=\"0\" data-sheets-root=\"1\" data-sheets-baot=\"1\">\n<colgroup>\n<col width=\"285\">\n<col width=\"100\">\n<col width=\"165\">\n<col width=\"411\">\n<col width=\"100\">\n<col width=\"100\"><\/colgroup>\n<tbody>\n<tr>\n<td>NOME<\/td>\n<td>TIPO<\/td>\n<td>PROPRIET\u00c1RIO<\/td>\n<td>PROP\u00d3SITO<\/td>\n<td>DURA\u00c7\u00c3O<\/td>\n<td>\n<div>\n<div>OBSERVA\u00c7\u00d5ES<\/div>\n<\/div>\n<\/td>\n<\/tr>\n<tr>\n<td>_moovegpdr<\/td>\n<td>Sess\u00e3o<\/td>\n<td><a class=\"in-cell-link\" href=\"http:\/\/aeepower.com\" target=\"_blank\" rel=\"noopener\">aeepower.com<\/a><\/td>\n<td>Este cookie armazena as configura\u00e7\u00f5es de cookies.<\/td>\n<td>At\u00e9 o final da sess\u00e3o<\/td>\n<td>Persistente<\/td>\n<\/tr>\n<tr>\n<td>wp-settings-1 wp-settings-time-1<\/td>\n<td>Sess\u00e3o<\/td>\n<td><a class=\"in-cell-link\" href=\"http:\/\/aeepower.com\" target=\"_blank\" rel=\"noopener\">aeepower.com<\/a><\/td>\n<td>Usado pelo WordPress para salvar as prefer\u00eancias de cookies.<\/td>\n<td>At\u00e9 o final da sess\u00e3o<\/td>\n<td>Persistente<\/td>\n<\/tr>\n<tr>\n<td>wfwaf-authcookie<\/td>\n<td>Funcional<\/td>\n<td>Wordfence<\/td>\n<td>Usado para determinar se o usu\u00e1rio est\u00e1 logado.<\/td>\n<td>1 dia<\/td>\n<td>Persistente<\/td>\n<\/tr>\n<tr>\n<td>wp-wpml-current-admin-language_* \/ wp-wpml-current-language<\/td>\n<td>Funcional<\/td>\n<td>WordPress<\/td>\n<td>Usado para armazenar as configura\u00e7\u00f5es de idioma.<\/td>\n<td>1 ano \/ 1 dia<\/td>\n<td>Persistente<\/td>\n<\/tr>\n<tr>\n<td>wordpress_sec<\/td>\n<td>Funcional<\/td>\n<td>WordPress<\/td>\n<td>Usado pelo WordPress para manter a sess\u00e3o de um usu\u00e1rio registrado.<\/td>\n<td>At\u00e9 o final da sess\u00e3o<\/td>\n<td>Persistente<\/td>\n<\/tr>\n<\/tbody>\n<\/table><ul>\n<\/ul>\t\t\t\t\t\t\t\t<\/div>\n\t\t\t\t<\/div>\n\t\t\t\t\t<\/div>\n\t\t<\/div>\n\t\t\t\t\t<\/div>\n\t\t<\/section>\n\t\t\t\t<\/div>\n\t\t","protected":false},"excerpt":{"rendered":"<p>AEE POWER POL\u00cdTICA DE COOKIES. INFORMA\u00c7\u00c3O SOBRE OS COOKIES Os cookies e outras tecnologias semelhantes, como objetos partilhados locais, cookies flash ou p\u00edxeis, s\u00e3o ferramentas utilizadas pelos servidores web para armazenar e recuperar informa\u00e7\u00e3o sobre os seus visitantes, bem como para garantir o correto funcionamento do site. Atrav\u00e9s destes dispositivos, o servidor web pode lembrar &#8230; <a title=\"POL\u00cdTICA DE COOKIES\" class=\"read-more\" href=\"https:\/\/www.aeepower.com\/pt-pt\/politica-de-cookies\/\" aria-label=\"Read more about POL\u00cdTICA DE COOKIES\">Read more<\/a><\/p>\n","protected":false},"author":1,"featured_media":0,"parent":0,"menu_order":0,"comment_status":"closed","ping_status":"closed","template":"elementor_header_footer","meta":{"footnotes":""},"class_list":["post-1871","page","type-page","status-publish"],"yoast_head":"<!-- This site is optimized with the Yoast SEO plugin v27.4 - https:\/\/yoast.com\/product\/yoast-seo-wordpress\/ -->\n<title>POL\u00cdTICA DE COOKIES - AEE Power<\/title>\n<meta name=\"robots\" content=\"noindex, follow\" \/>\n<meta property=\"og:locale\" content=\"pt_PT\" \/>\n<meta property=\"og:type\" content=\"article\" \/>\n<meta property=\"og:title\" content=\"POL\u00cdTICA DE COOKIES - AEE Power\" \/>\n<meta property=\"og:description\" content=\"AEE POWER POL\u00cdTICA DE COOKIES. INFORMA\u00c7\u00c3O SOBRE OS COOKIES Os cookies e outras tecnologias semelhantes, como objetos partilhados locais, cookies flash ou p\u00edxeis, s\u00e3o ferramentas utilizadas pelos servidores web para armazenar e recuperar informa\u00e7\u00e3o sobre os seus visitantes, bem como para garantir o correto funcionamento do site. Atrav\u00e9s destes dispositivos, o servidor web pode lembrar ... Read more\" \/>\n<meta property=\"og:url\" content=\"https:\/\/www.aeepower.com\/pt-pt\/politica-de-cookies\/\" \/>\n<meta property=\"og:site_name\" content=\"AEE Power\" \/>\n<meta property=\"article:modified_time\" content=\"2025-02-11T11:38:00+00:00\" \/>\n<meta property=\"og:image\" content=\"https:\/\/www.aeepower.com\/wp-content\/uploads\/Logo-AEE-396-300x120-gris.webp\" \/>\n\t<meta property=\"og:image:width\" content=\"300\" \/>\n\t<meta property=\"og:image:height\" content=\"120\" \/>\n\t<meta property=\"og:image:type\" content=\"image\/webp\" \/>\n<meta name=\"twitter:card\" content=\"summary_large_image\" \/>\n<meta name=\"twitter:label1\" content=\"Est. reading time\" \/>\n\t<meta name=\"twitter:data1\" content=\"5 minutes\" \/>\n<script type=\"application\/ld+json\" class=\"yoast-schema-graph\">{\"@context\":\"https:\\\/\\\/schema.org\",\"@graph\":[{\"@type\":\"WebPage\",\"@id\":\"https:\\\/\\\/www.aeepower.com\\\/pt-pt\\\/politica-de-cookies\\\/\",\"url\":\"https:\\\/\\\/www.aeepower.com\\\/pt-pt\\\/politica-de-cookies\\\/\",\"name\":\"POL\u00cdTICA DE COOKIES - AEE Power\",\"isPartOf\":{\"@id\":\"https:\\\/\\\/www.aeepower.com\\\/#website\"},\"datePublished\":\"2025-02-10T12:11:36+00:00\",\"dateModified\":\"2025-02-11T11:38:00+00:00\",\"breadcrumb\":{\"@id\":\"https:\\\/\\\/www.aeepower.com\\\/pt-pt\\\/politica-de-cookies\\\/#breadcrumb\"},\"inLanguage\":\"pt-PT\",\"potentialAction\":[{\"@type\":\"ReadAction\",\"target\":[\"https:\\\/\\\/www.aeepower.com\\\/pt-pt\\\/politica-de-cookies\\\/\"]}]},{\"@type\":\"BreadcrumbList\",\"@id\":\"https:\\\/\\\/www.aeepower.com\\\/pt-pt\\\/politica-de-cookies\\\/#breadcrumb\",\"itemListElement\":[{\"@type\":\"ListItem\",\"position\":1,\"name\":\"Portada\",\"item\":\"https:\\\/\\\/www.aeepower.com\\\/pt-pt\\\/inicio\\\/\"},{\"@type\":\"ListItem\",\"position\":2,\"name\":\"POL\u00cdTICA DE COOKIES\"}]},{\"@type\":\"WebSite\",\"@id\":\"https:\\\/\\\/www.aeepower.com\\\/#website\",\"url\":\"https:\\\/\\\/www.aeepower.com\\\/\",\"name\":\"AEE Power\",\"description\":\"AEE Power. The energy of Africa\",\"publisher\":{\"@id\":\"https:\\\/\\\/www.aeepower.com\\\/#organization\"},\"alternateName\":\"The energy of Africa\",\"potentialAction\":[{\"@type\":\"SearchAction\",\"target\":{\"@type\":\"EntryPoint\",\"urlTemplate\":\"https:\\\/\\\/www.aeepower.com\\\/?s={search_term_string}\"},\"query-input\":{\"@type\":\"PropertyValueSpecification\",\"valueRequired\":true,\"valueName\":\"search_term_string\"}}],\"inLanguage\":\"pt-PT\"},{\"@type\":\"Organization\",\"@id\":\"https:\\\/\\\/www.aeepower.com\\\/#organization\",\"name\":\"AEE Power\",\"alternateName\":\"The Energy of Africa\",\"url\":\"https:\\\/\\\/www.aeepower.com\\\/\",\"logo\":{\"@type\":\"ImageObject\",\"inLanguage\":\"pt-PT\",\"@id\":\"https:\\\/\\\/www.aeepower.com\\\/#\\\/schema\\\/logo\\\/image\\\/\",\"url\":\"https:\\\/\\\/www.aeepower.com\\\/wp-content\\\/uploads\\\/Logo-AEE.webp\",\"contentUrl\":\"https:\\\/\\\/www.aeepower.com\\\/wp-content\\\/uploads\\\/Logo-AEE.webp\",\"width\":182,\"height\":117,\"caption\":\"AEE Power\"},\"image\":{\"@id\":\"https:\\\/\\\/www.aeepower.com\\\/#\\\/schema\\\/logo\\\/image\\\/\"}}]}<\/script>\n<!-- \/ Yoast SEO plugin. -->","yoast_head_json":{"title":"POL\u00cdTICA DE COOKIES - AEE Power","robots":{"index":"noindex","follow":"follow"},"og_locale":"pt_PT","og_type":"article","og_title":"POL\u00cdTICA DE COOKIES - AEE Power","og_description":"AEE POWER POL\u00cdTICA DE COOKIES. INFORMA\u00c7\u00c3O SOBRE OS COOKIES Os cookies e outras tecnologias semelhantes, como objetos partilhados locais, cookies flash ou p\u00edxeis, s\u00e3o ferramentas utilizadas pelos servidores web para armazenar e recuperar informa\u00e7\u00e3o sobre os seus visitantes, bem como para garantir o correto funcionamento do site. Atrav\u00e9s destes dispositivos, o servidor web pode lembrar ... Read more","og_url":"https:\/\/www.aeepower.com\/pt-pt\/politica-de-cookies\/","og_site_name":"AEE Power","article_modified_time":"2025-02-11T11:38:00+00:00","og_image":[{"width":300,"height":120,"url":"https:\/\/www.aeepower.com\/wp-content\/uploads\/Logo-AEE-396-300x120-gris.webp","type":"image\/webp"}],"twitter_card":"summary_large_image","twitter_misc":{"Est. reading time":"5 minutes"},"schema":{"@context":"https:\/\/schema.org","@graph":[{"@type":"WebPage","@id":"https:\/\/www.aeepower.com\/pt-pt\/politica-de-cookies\/","url":"https:\/\/www.aeepower.com\/pt-pt\/politica-de-cookies\/","name":"POL\u00cdTICA DE COOKIES - AEE Power","isPartOf":{"@id":"https:\/\/www.aeepower.com\/#website"},"datePublished":"2025-02-10T12:11:36+00:00","dateModified":"2025-02-11T11:38:00+00:00","breadcrumb":{"@id":"https:\/\/www.aeepower.com\/pt-pt\/politica-de-cookies\/#breadcrumb"},"inLanguage":"pt-PT","potentialAction":[{"@type":"ReadAction","target":["https:\/\/www.aeepower.com\/pt-pt\/politica-de-cookies\/"]}]},{"@type":"BreadcrumbList","@id":"https:\/\/www.aeepower.com\/pt-pt\/politica-de-cookies\/#breadcrumb","itemListElement":[{"@type":"ListItem","position":1,"name":"Portada","item":"https:\/\/www.aeepower.com\/pt-pt\/inicio\/"},{"@type":"ListItem","position":2,"name":"POL\u00cdTICA DE COOKIES"}]},{"@type":"WebSite","@id":"https:\/\/www.aeepower.com\/#website","url":"https:\/\/www.aeepower.com\/","name":"AEE Power","description":"AEE Power. The energy of Africa","publisher":{"@id":"https:\/\/www.aeepower.com\/#organization"},"alternateName":"The energy of Africa","potentialAction":[{"@type":"SearchAction","target":{"@type":"EntryPoint","urlTemplate":"https:\/\/www.aeepower.com\/?s={search_term_string}"},"query-input":{"@type":"PropertyValueSpecification","valueRequired":true,"valueName":"search_term_string"}}],"inLanguage":"pt-PT"},{"@type":"Organization","@id":"https:\/\/www.aeepower.com\/#organization","name":"AEE Power","alternateName":"The Energy of Africa","url":"https:\/\/www.aeepower.com\/","logo":{"@type":"ImageObject","inLanguage":"pt-PT","@id":"https:\/\/www.aeepower.com\/#\/schema\/logo\/image\/","url":"https:\/\/www.aeepower.com\/wp-content\/uploads\/Logo-AEE.webp","contentUrl":"https:\/\/www.aeepower.com\/wp-content\/uploads\/Logo-AEE.webp","width":182,"height":117,"caption":"AEE Power"},"image":{"@id":"https:\/\/www.aeepower.com\/#\/schema\/logo\/image\/"}}]}},"_links":{"self":[{"href":"https:\/\/www.aeepower.com\/pt-pt\/wp-json\/wp\/v2\/pages\/1871","targetHints":{"allow":["GET"]}}],"collection":[{"href":"https:\/\/www.aeepower.com\/pt-pt\/wp-json\/wp\/v2\/pages"}],"about":[{"href":"https:\/\/www.aeepower.com\/pt-pt\/wp-json\/wp\/v2\/types\/page"}],"author":[{"embeddable":true,"href":"https:\/\/www.aeepower.com\/pt-pt\/wp-json\/wp\/v2\/users\/1"}],"replies":[{"embeddable":true,"href":"https:\/\/www.aeepower.com\/pt-pt\/wp-json\/wp\/v2\/comments?post=1871"}],"version-history":[{"count":5,"href":"https:\/\/www.aeepower.com\/pt-pt\/wp-json\/wp\/v2\/pages\/1871\/revisions"}],"predecessor-version":[{"id":1957,"href":"https:\/\/www.aeepower.com\/pt-pt\/wp-json\/wp\/v2\/pages\/1871\/revisions\/1957"}],"wp:attachment":[{"href":"https:\/\/www.aeepower.com\/pt-pt\/wp-json\/wp\/v2\/media?parent=1871"}],"curies":[{"name":"wp","href":"https:\/\/api.w.org\/{rel}","templated":true}]}}